{"id":966,"date":"2023-12-11T08:37:37","date_gmt":"2023-12-11T08:37:37","guid":{"rendered":"https:\/\/quimicelgalicia.com\/?page_id=966"},"modified":"2024-01-08T07:32:57","modified_gmt":"2024-01-08T07:32:57","slug":"epis-guantes","status":"publish","type":"page","link":"https:\/\/quimicelgalicia.com\/en\/epis-guantes","title":{"rendered":"EPIs y guantes"},"content":{"rendered":"<div data-elementor-type=\"wp-page\" data-elementor-id=\"966\" class=\"elementor elementor-966\">\n\t\t\t\t\t\t\t\t\t<section class=\"elementor-section elementor-top-section elementor-element elementor-element-aa14b0e elementor-section-boxed elementor-section-height-default elementor-section-height-default\" data-id=\"aa14b0e\" data-element_type=\"section\">\n\t\t\t\t\t\t<div class=\"elementor-container elementor-column-gap-default\">\n\t\t\t\t\t<div class=\"elementor-column elementor-col-100 elementor-top-column elementor-element elementor-element-953a599\" data-id=\"953a599\" data-element_type=\"column\">\n\t\t\t<div class=\"elementor-widget-wrap elementor-element-populated\">\n\t\t\t\t\t\t\t\t<div class=\"elementor-element elementor-element-818fbd9 elementor-widget elementor-widget-heading\" data-id=\"818fbd9\" data-element_type=\"widget\" data-widget_type=\"heading.default\">\n\t\t\t\t<div class=\"elementor-widget-container\">\n\t\t\t<style>\/*! elementor - v3.16.0 - 17-10-2023 *\/\n.elementor-heading-title{padding:0;margin:0;line-height:1}.elementor-widget-heading .elementor-heading-title[class*=elementor-size-]>a{color:inherit;font-size:inherit;line-height:inherit}.elementor-widget-heading .elementor-heading-title.elementor-size-small{font-size:15px}.elementor-widget-heading .elementor-heading-title.elementor-size-medium{font-size:19px}.elementor-widget-heading .elementor-heading-title.elementor-size-large{font-size:29px}.elementor-widget-heading .elementor-heading-title.elementor-size-xl{font-size:39px}.elementor-widget-heading .elementor-heading-title.elementor-size-xxl{font-size:59px}<\/style><h2 class=\"elementor-heading-title elementor-size-default\">EPIs y guantes<\/h2>\t\t<\/div>\n\t\t\t\t<\/div>\n\t\t\t\t\t<\/div>\n\t\t<\/div>\n\t\t\t\t\t\t\t<\/div>\n\t\t<\/section>\n\t\t\t\t<section class=\"elementor-section elementor-top-section elementor-element elementor-element-dfdcd4b elementor-section-boxed elementor-section-height-default elementor-section-height-default\" data-id=\"dfdcd4b\" data-element_type=\"section\">\n\t\t\t\t\t\t<div class=\"elementor-container elementor-column-gap-default\">\n\t\t\t\t\t<div class=\"elementor-column elementor-col-33 elementor-top-column elementor-element elementor-element-7e7e726\" data-id=\"7e7e726\" data-element_type=\"column\">\n\t\t\t<div class=\"elementor-widget-wrap elementor-element-populated\">\n\t\t\t\t\t\t\t\t<div class=\"elementor-element elementor-element-380baa7 elementor-widget elementor-widget-image\" data-id=\"380baa7\" data-element_type=\"widget\" data-widget_type=\"image.default\">\n\t\t\t\t<div class=\"elementor-widget-container\">\n\t\t\t<style>\/*! elementor - v3.16.0 - 17-10-2023 *\/\n.elementor-widget-image{text-align:center}.elementor-widget-image a{display:inline-block}.elementor-widget-image a img[src$=\".svg\"]{width:48px}.elementor-widget-image img{vertical-align:middle;display:inline-block}<\/style>\t\t\t\t\t\t\t\t\t\t\t\t<img loading=\"lazy\" decoding=\"async\" width=\"150\" height=\"150\" src=\"https:\/\/quimicelgalicia.com\/wp-content\/uploads\/2023\/12\/Desechables_324OR-4-150x150.png\" class=\"attachment-thumbnail size-thumbnail wp-image-969\" alt=\"\" srcset=\"https:\/\/quimicelgalicia.com\/wp-content\/uploads\/2023\/12\/Desechables_324OR-4-150x150.png 150w, https:\/\/quimicelgalicia.com\/wp-content\/uploads\/2023\/12\/Desechables_324OR-4-298x300.png 298w, https:\/\/quimicelgalicia.com\/wp-content\/uploads\/2023\/12\/Desechables_324OR-4-1016x1024.png 1016w, https:\/\/quimicelgalicia.com\/wp-content\/uploads\/2023\/12\/Desechables_324OR-4-768x774.png 768w, https:\/\/quimicelgalicia.com\/wp-content\/uploads\/2023\/12\/Desechables_324OR-4-12x12.png 12w, https:\/\/quimicelgalicia.com\/wp-content\/uploads\/2023\/12\/Desechables_324OR-4.png 1024w\" sizes=\"auto, (max-width: 150px) 100vw, 150px\" \/>\t\t\t\t\t\t\t\t\t\t\t\t\t\t\t<\/div>\n\t\t\t\t<\/div>\n\t\t\t\t<div class=\"elementor-element elementor-element-f65a0f8 elementor-widget elementor-widget-heading\" data-id=\"f65a0f8\" data-element_type=\"widget\" data-widget_type=\"heading.default\">\n\t\t\t\t<div class=\"elementor-widget-container\">\n\t\t\t<p class=\"elementor-heading-title elementor-size-default\">Desechables<\/p>\t\t<\/div>\n\t\t\t\t<\/div>\n\t\t\t\t\t<\/div>\n\t\t<\/div>\n\t\t\t\t<div class=\"elementor-column elementor-col-33 elementor-top-column elementor-element elementor-element-77a0c50\" data-id=\"77a0c50\" data-element_type=\"column\">\n\t\t\t<div class=\"elementor-widget-wrap elementor-element-populated\">\n\t\t\t\t\t\t\t\t<div class=\"elementor-element elementor-element-c185c81 elementor-widget elementor-widget-image\" data-id=\"c185c81\" data-element_type=\"widget\" data-widget_type=\"image.default\">\n\t\t\t\t<div class=\"elementor-widget-container\">\n\t\t\t\t\t\t\t\t\t\t\t\t\t\t\t<img loading=\"lazy\" decoding=\"async\" width=\"150\" height=\"150\" src=\"https:\/\/quimicelgalicia.com\/wp-content\/uploads\/2023\/12\/Proteccion-Frio_360FCT-150x150.jpg\" class=\"attachment-thumbnail size-thumbnail wp-image-970\" alt=\"\" \/>\t\t\t\t\t\t\t\t\t\t\t\t\t\t\t<\/div>\n\t\t\t\t<\/div>\n\t\t\t\t<div class=\"elementor-element elementor-element-c612d28 elementor-widget elementor-widget-heading\" data-id=\"c612d28\" data-element_type=\"widget\" data-widget_type=\"heading.default\">\n\t\t\t\t<div class=\"elementor-widget-container\">\n\t\t\t<p class=\"elementor-heading-title elementor-size-default\">Protecci\u00f3n contra el fr\u00edo<\/p>\t\t<\/div>\n\t\t\t\t<\/div>\n\t\t\t\t\t<\/div>\n\t\t<\/div>\n\t\t\t\t<div class=\"elementor-column elementor-col-33 elementor-top-column elementor-element elementor-element-6f93855\" data-id=\"6f93855\" data-element_type=\"column\">\n\t\t\t<div class=\"elementor-widget-wrap elementor-element-populated\">\n\t\t\t\t\t\t\t\t<div class=\"elementor-element elementor-element-e9686ce elementor-widget elementor-widget-image\" data-id=\"e9686ce\" data-element_type=\"widget\" data-widget_type=\"image.default\">\n\t\t\t\t<div class=\"elementor-widget-container\">\n\t\t\t\t\t\t\t\t\t\t\t\t\t\t\t<img loading=\"lazy\" decoding=\"async\" width=\"150\" height=\"150\" src=\"https:\/\/quimicelgalicia.com\/wp-content\/uploads\/2023\/12\/Anti-Corte-D_241ND-2-150x150.jpg\" class=\"attachment-thumbnail size-thumbnail wp-image-971\" alt=\"\" \/>\t\t\t\t\t\t\t\t\t\t\t\t\t\t\t<\/div>\n\t\t\t\t<\/div>\n\t\t\t\t<div class=\"elementor-element elementor-element-16c3c67 elementor-widget elementor-widget-heading\" data-id=\"16c3c67\" data-element_type=\"widget\" data-widget_type=\"heading.default\">\n\t\t\t\t<div class=\"elementor-widget-container\">\n\t\t\t<p class=\"elementor-heading-title elementor-size-default\">Anticorte<\/p>\t\t<\/div>\n\t\t\t\t<\/div>\n\t\t\t\t\t<\/div>\n\t\t<\/div>\n\t\t\t\t\t\t\t<\/div>\n\t\t<\/section>\n\t\t\t\t<section class=\"elementor-section elementor-top-section elementor-element elementor-element-40fa096 elementor-section-boxed elementor-section-height-default elementor-section-height-default\" data-id=\"40fa096\" data-element_type=\"section\">\n\t\t\t\t\t\t<div class=\"elementor-container elementor-column-gap-default\">\n\t\t\t\t\t<div class=\"elementor-column elementor-col-33 elementor-top-column elementor-element elementor-element-327530b\" data-id=\"327530b\" data-element_type=\"column\">\n\t\t\t<div class=\"elementor-widget-wrap elementor-element-populated\">\n\t\t\t\t\t\t\t\t<div class=\"elementor-element elementor-element-a1e9f59 elementor-widget elementor-widget-image\" data-id=\"a1e9f59\" data-element_type=\"widget\" data-widget_type=\"image.default\">\n\t\t\t\t<div class=\"elementor-widget-container\">\n\t\t\t\t\t\t\t\t\t\t\t\t\t\t\t<img loading=\"lazy\" decoding=\"async\" width=\"150\" height=\"150\" src=\"https:\/\/quimicelgalicia.com\/wp-content\/uploads\/2023\/12\/Uso-General_360FC-2-150x150.jpg\" class=\"attachment-thumbnail size-thumbnail wp-image-972\" alt=\"\" \/>\t\t\t\t\t\t\t\t\t\t\t\t\t\t\t<\/div>\n\t\t\t\t<\/div>\n\t\t\t\t<div class=\"elementor-element elementor-element-d335b79 elementor-widget elementor-widget-heading\" data-id=\"d335b79\" data-element_type=\"widget\" data-widget_type=\"heading.default\">\n\t\t\t\t<div class=\"elementor-widget-container\">\n\t\t\t<p class=\"elementor-heading-title elementor-size-default\">Uso general<\/p>\t\t<\/div>\n\t\t\t\t<\/div>\n\t\t\t\t\t<\/div>\n\t\t<\/div>\n\t\t\t\t<div class=\"elementor-column elementor-col-33 elementor-top-column elementor-element elementor-element-8b5b377\" data-id=\"8b5b377\" data-element_type=\"column\">\n\t\t\t<div class=\"elementor-widget-wrap elementor-element-populated\">\n\t\t\t\t\t\t\t\t<div class=\"elementor-element elementor-element-6b70fa2 elementor-widget elementor-widget-image\" data-id=\"6b70fa2\" data-element_type=\"widget\" data-widget_type=\"image.default\">\n\t\t\t\t<div class=\"elementor-widget-container\">\n\t\t\t\t\t\t\t\t\t\t\t\t\t\t\t<img loading=\"lazy\" decoding=\"async\" width=\"150\" height=\"150\" src=\"https:\/\/quimicelgalicia.com\/wp-content\/uploads\/2024\/01\/GUANTES-PROTECCION-FRENTE-AL-CALOR-150x150.png\" class=\"attachment-thumbnail size-thumbnail wp-image-1033\" alt=\"\" \/>\t\t\t\t\t\t\t\t\t\t\t\t\t\t\t<\/div>\n\t\t\t\t<\/div>\n\t\t\t\t<div class=\"elementor-element elementor-element-20b1724 elementor-widget elementor-widget-heading\" data-id=\"20b1724\" data-element_type=\"widget\" data-widget_type=\"heading.default\">\n\t\t\t\t<div class=\"elementor-widget-container\">\n\t\t\t<p class=\"elementor-heading-title elementor-size-default\">Protecci\u00f3n frente al calor<\/p>\t\t<\/div>\n\t\t\t\t<\/div>\n\t\t\t\t\t<\/div>\n\t\t<\/div>\n\t\t\t\t<div class=\"elementor-column elementor-col-33 elementor-top-column elementor-element elementor-element-a322c33\" data-id=\"a322c33\" data-element_type=\"column\">\n\t\t\t<div class=\"elementor-widget-wrap elementor-element-populated\">\n\t\t\t\t\t\t\t\t<div class=\"elementor-element elementor-element-c051f78 elementor-widget elementor-widget-image\" data-id=\"c051f78\" data-element_type=\"widget\" data-widget_type=\"image.default\">\n\t\t\t\t<div class=\"elementor-widget-container\">\n\t\t\t\t\t\t\t\t\t\t\t\t\t\t\t<img loading=\"lazy\" decoding=\"async\" width=\"150\" height=\"150\" src=\"https:\/\/quimicelgalicia.com\/wp-content\/uploads\/2023\/12\/Proteccion-Quimica_612-_4_-150x150.png\" class=\"attachment-thumbnail size-thumbnail wp-image-973\" alt=\"\" \/>\t\t\t\t\t\t\t\t\t\t\t\t\t\t\t<\/div>\n\t\t\t\t<\/div>\n\t\t\t\t<div class=\"elementor-element elementor-element-02a8ab1 elementor-widget elementor-widget-heading\" data-id=\"02a8ab1\" data-element_type=\"widget\" data-widget_type=\"heading.default\">\n\t\t\t\t<div class=\"elementor-widget-container\">\n\t\t\t<p class=\"elementor-heading-title elementor-size-default\">Protecci\u00f3n qu\u00edmica<\/p>\t\t<\/div>\n\t\t\t\t<\/div>\n\t\t\t\t\t<\/div>\n\t\t<\/div>\n\t\t\t\t\t\t\t<\/div>\n\t\t<\/section>\n\t\t\t\t<section class=\"elementor-section elementor-top-section elementor-element elementor-element-c5ac984 elementor-section-boxed elementor-section-height-default elementor-section-height-default\" data-id=\"c5ac984\" data-element_type=\"section\">\n\t\t\t\t\t\t<div class=\"elementor-container elementor-column-gap-default\">\n\t\t\t\t\t<div class=\"elementor-column elementor-col-100 elementor-top-column elementor-element elementor-element-2bec4a9\" data-id=\"2bec4a9\" data-element_type=\"column\">\n\t\t\t<div class=\"elementor-widget-wrap elementor-element-populated\">\n\t\t\t\t\t\t\t\t<div class=\"elementor-element elementor-element-235a804 elementor-widget elementor-widget-image\" data-id=\"235a804\" data-element_type=\"widget\" data-widget_type=\"image.default\">\n\t\t\t\t<div class=\"elementor-widget-container\">\n\t\t\t\t\t\t\t\t\t\t\t\t\t\t\t<img loading=\"lazy\" decoding=\"async\" width=\"150\" height=\"150\" src=\"https:\/\/quimicelgalicia.com\/wp-content\/uploads\/2024\/01\/EQUIPOS-DE-PROTECCION-INDIVIDUAL-150x150.png\" class=\"attachment-thumbnail size-thumbnail wp-image-1035\" alt=\"\" srcset=\"https:\/\/quimicelgalicia.com\/wp-content\/uploads\/2024\/01\/EQUIPOS-DE-PROTECCION-INDIVIDUAL-150x150.png 150w, https:\/\/quimicelgalicia.com\/wp-content\/uploads\/2024\/01\/EQUIPOS-DE-PROTECCION-INDIVIDUAL-300x300.png 300w, https:\/\/quimicelgalicia.com\/wp-content\/uploads\/2024\/01\/EQUIPOS-DE-PROTECCION-INDIVIDUAL-12x12.png 12w, https:\/\/quimicelgalicia.com\/wp-content\/uploads\/2024\/01\/EQUIPOS-DE-PROTECCION-INDIVIDUAL.png 600w\" sizes=\"auto, (max-width: 150px) 100vw, 150px\" \/>\t\t\t\t\t\t\t\t\t\t\t\t\t\t\t<\/div>\n\t\t\t\t<\/div>\n\t\t\t\t<div class=\"elementor-element elementor-element-a638cd5 elementor-widget elementor-widget-heading\" data-id=\"a638cd5\" data-element_type=\"widget\" data-widget_type=\"heading.default\">\n\t\t\t\t<div class=\"elementor-widget-container\">\n\t\t\t<p class=\"elementor-heading-title elementor-size-default\">Equipo de protecci\u00f3n individual<\/p>\t\t<\/div>\n\t\t\t\t<\/div>\n\t\t\t\t\t<\/div>\n\t\t<\/div>\n\t\t\t\t\t\t\t<\/div>\n\t\t<\/section>\n\t\t\t\t\t\t\t<\/div>","protected":false},"excerpt":{"rendered":"<p>EPIs y guantes Desechables Protecci\u00f3n contra el fr\u00edo Anticorte Uso general Protecci\u00f3n frente al calor Protecci\u00f3n qu\u00edmica Equipo de protecci\u00f3n individual<\/p>","protected":false},"author":1,"featured_media":0,"parent":0,"menu_order":0,"comment_status":"closed","ping_status":"closed","template":"","meta":{"site-sidebar-layout":"no-sidebar","site-content-layout":"page-builder","ast-global-header-display":"","ast-banner-title-visibility":"","ast-main-header-display":"","ast-hfb-above-header-display":"","ast-hfb-below-header-display":"","ast-hfb-mobile-header-display":"","site-post-title":"disabled","ast-breadcrumbs-content":"","ast-featured-img":"disabled","footer-sml-layout":"","theme-transparent-header-meta":"","adv-header-id-meta":"","stick-header-meta":"","header-above-stick-meta":"","header-main-stick-meta":"","header-below-stick-meta":"","footnotes":""},"class_list":["post-966","page","type-page","status-publish","hentry"],"_links":{"self":[{"href":"https:\/\/quimicelgalicia.com\/en\/wp-json\/wp\/v2\/pages\/966","targetHints":{"allow":["GET"]}}],"collection":[{"href":"https:\/\/quimicelgalicia.com\/en\/wp-json\/wp\/v2\/pages"}],"about":[{"href":"https:\/\/quimicelgalicia.com\/en\/wp-json\/wp\/v2\/types\/page"}],"author":[{"embeddable":true,"href":"https:\/\/quimicelgalicia.com\/en\/wp-json\/wp\/v2\/users\/1"}],"replies":[{"embeddable":true,"href":"https:\/\/quimicelgalicia.com\/en\/wp-json\/wp\/v2\/comments?post=966"}],"version-history":[{"count":14,"href":"https:\/\/quimicelgalicia.com\/en\/wp-json\/wp\/v2\/pages\/966\/revisions"}],"predecessor-version":[{"id":1038,"href":"https:\/\/quimicelgalicia.com\/en\/wp-json\/wp\/v2\/pages\/966\/revisions\/1038"}],"wp:attachment":[{"href":"https:\/\/quimicelgalicia.com\/en\/wp-json\/wp\/v2\/media?parent=966"}],"curies":[{"name":"wp","href":"https:\/\/api.w.org\/{rel}","templated":true}]}}