{"id":96,"date":"2022-12-05T10:24:30","date_gmt":"2022-12-05T10:24:30","guid":{"rendered":"http:\/\/localhost\/wordpress\/?page_id=96"},"modified":"2023-12-11T08:44:04","modified_gmt":"2023-12-11T08:44:04","slug":"industria","status":"publish","type":"page","link":"https:\/\/quimicelgalicia.com\/en\/industria","title":{"rendered":"Industry"},"content":{"rendered":"<div data-elementor-type=\"wp-page\" data-elementor-id=\"96\" class=\"elementor elementor-96\">\n\t\t\t\t\t\t\t\t\t<section class=\"elementor-section elementor-top-section elementor-element elementor-element-c2a1d44 elementor-section-boxed elementor-section-height-default elementor-section-height-default\" data-id=\"c2a1d44\" data-element_type=\"section\">\n\t\t\t\t\t\t<div class=\"elementor-container elementor-column-gap-default\">\n\t\t\t\t\t<div class=\"elementor-column elementor-col-100 elementor-top-column elementor-element elementor-element-10aa4c9\" data-id=\"10aa4c9\" data-element_type=\"column\">\n\t\t\t<div class=\"elementor-widget-wrap elementor-element-populated\">\n\t\t\t\t\t\t\t\t<div class=\"elementor-element elementor-element-bd6486c elementor-widget elementor-widget-image-carousel\" data-id=\"bd6486c\" data-element_type=\"widget\" data-settings=\"{&quot;slides_to_show&quot;:&quot;1&quot;,&quot;navigation&quot;:&quot;none&quot;,&quot;autoplay_speed&quot;:2500,&quot;pause_on_hover&quot;:&quot;no&quot;,&quot;pause_on_interaction&quot;:&quot;no&quot;,&quot;speed&quot;:1000,&quot;autoplay&quot;:&quot;yes&quot;,&quot;infinite&quot;:&quot;yes&quot;,&quot;effect&quot;:&quot;slide&quot;}\" data-widget_type=\"image-carousel.default\">\n\t\t\t\t<div class=\"elementor-widget-container\">\n\t\t\t<style>\/*! elementor - v3.16.0 - 17-10-2023 *\/\n.elementor-widget-image-carousel .swiper,.elementor-widget-image-carousel .swiper-container{position:static}.elementor-widget-image-carousel .swiper-container .swiper-slide figure,.elementor-widget-image-carousel .swiper .swiper-slide figure{line-height:inherit}.elementor-widget-image-carousel .swiper-slide{text-align:center}.elementor-image-carousel-wrapper:not(.swiper-container-initialized):not(.swiper-initialized) .swiper-slide{max-width:calc(100% \/ var(--e-image-carousel-slides-to-show, 3))}<\/style>\t\t<div class=\"elementor-image-carousel-wrapper swiper\" dir=\"ltr\">\n\t\t\t<div class=\"elementor-image-carousel swiper-wrapper\" aria-live=\"off\">\n\t\t\t\t\t\t\t\t<div class=\"swiper-slide\" role=\"group\" aria-roledescription=\"slide\" aria-label=\"1 of 9\"><figure class=\"swiper-slide-inner\"><img decoding=\"async\" class=\"swiper-slide-image\" src=\"https:\/\/quimicelgalicia.com\/wp-content\/uploads\/elementor\/thumbs\/transparent-plastic-bottles-filled-with-yellow-substance-scaled-1-qa2jlr2luhpru3tzq6zwgaliuxzk0of71q9aqfq25s.jpg\" alt=\"Ready goods on conveyor. Three glass bottles filled with yellow liquid of shampoo ready for transportation standing on manufacturing facility. Trendy shampoo produced by manufactures on factory\" \/><\/figure><\/div><div class=\"swiper-slide\" role=\"group\" aria-roledescription=\"slide\" aria-label=\"2 of 9\"><figure class=\"swiper-slide-inner\"><img decoding=\"async\" class=\"swiper-slide-image\" src=\"https:\/\/quimicelgalicia.com\/wp-content\/uploads\/elementor\/thumbs\/caroline-roose-vDnQ9Sz-KEI-unsplash-1-scaled-1-qa2jls0g1br25psmkpej0sczgbux8dixduws7ponzk.jpg\" alt=\"caroline-roose-vDnQ9Sz-KEI-unsplash (1)\" \/><\/figure><\/div><div class=\"swiper-slide\" role=\"group\" aria-roledescription=\"slide\" aria-label=\"3 of 9\"><figure class=\"swiper-slide-inner\"><img decoding=\"async\" class=\"swiper-slide-image\" src=\"https:\/\/quimicelgalicia.com\/wp-content\/uploads\/elementor\/thumbs\/shutterstock_1940368555-1-qa2jlvrssnw7g5n5yr11arettvce35xuqdiq4tj3ao.jpg\" alt=\"shutterstock_1940368555\" \/><\/figure><\/div><div class=\"swiper-slide\" role=\"group\" aria-roledescription=\"slide\" aria-label=\"4 of 9\"><figure class=\"swiper-slide-inner\"><img decoding=\"async\" class=\"swiper-slide-image\" src=\"https:\/\/quimicelgalicia.com\/wp-content\/uploads\/elementor\/thumbs\/professional-washer-in-blue-uniform-washing-luxury-car-with-water-gun-on-an-open-air-car-wash-scaled-1-qa2jm640vuaczv85adhxk6swd3xffu2wfsp2ev3re8.jpg\" alt=\"Professional washer in blue uniform washing luxury car with water gun on an open air car wash. Close up photo.\" \/><\/figure><\/div><div class=\"swiper-slide\" role=\"group\" aria-roledescription=\"slide\" aria-label=\"5 of 9\"><figure class=\"swiper-slide-inner\"><img decoding=\"async\" class=\"swiper-slide-image\" src=\"https:\/\/quimicelgalicia.com\/wp-content\/uploads\/elementor\/thumbs\/AdobeStock_546504438-scaled-1-qa2jm9vdn6fiab2oof4fu5uqqnewamhtsbb0byy6pc.jpeg\" alt=\"B\u00e4cker Team mit Lehrlingen und Chefin im Familienbetrieb der B\u00e4ckerei beim Brot backen zusammen\" \/><\/figure><\/div><div class=\"swiper-slide\" role=\"group\" aria-roledescription=\"slide\" aria-label=\"6 of 9\"><figure class=\"swiper-slide-inner\"><img decoding=\"async\" class=\"swiper-slide-image\" src=\"https:\/\/quimicelgalicia.com\/wp-content\/uploads\/elementor\/thumbs\/AdobeStock_191487371-scaled-1-qa2jmbr20ui2xizydfxoz5dnxf5mq0pagklzaivecw.jpeg\" alt=\"Cookie factory, food industry. Fabrication. Cookie production.\" \/><\/figure><\/div><div class=\"swiper-slide\" role=\"group\" aria-roledescription=\"slide\" aria-label=\"7 of 9\"><figure class=\"swiper-slide-inner\"><img decoding=\"async\" class=\"swiper-slide-image\" src=\"https:\/\/quimicelgalicia.com\/wp-content\/uploads\/elementor\/thumbs\/AdobeStock_324646230-scaled-1-qa2jm8xjgce7yp41twpt9o3a59jj2xe3g6niuozkvk.jpeg\" alt=\"Conveyor system with boxes in motion, shallow depth of field.\" \/><\/figure><\/div><div class=\"swiper-slide\" role=\"group\" aria-roledescription=\"slide\" aria-label=\"8 of 9\"><figure class=\"swiper-slide-inner\"><img decoding=\"async\" class=\"swiper-slide-image\" src=\"https:\/\/quimicelgalicia.com\/wp-content\/uploads\/elementor\/thumbs\/AdobeStock_345041797-scaled-1-qa2jm7zp9icxn35ezeb6p6btjvo5v8ad4201df0z1s.jpeg\" alt=\"Man in protective suit and mask disinfecting food factory full of food products from corona virus \/ covid-19.\" \/><\/figure><\/div><div class=\"swiper-slide\" role=\"group\" aria-roledescription=\"slide\" aria-label=\"9 of 9\"><figure class=\"swiper-slide-inner\"><img decoding=\"async\" class=\"swiper-slide-image\" src=\"https:\/\/quimicelgalicia.com\/wp-content\/uploads\/elementor\/thumbs\/Proquimia_Mobile-cleaning-scaled-1-qa2jmj9rjisdiep15j6pj3hcoi4kflj55ltv4qk8z4.jpg\" alt=\"Proquimia_Mobile cleaning\" \/><\/figure><\/div>\t\t\t<\/div>\n\t\t\t\t\t\t\t\n\t\t\t\t\t\t\t\t\t<\/div>\n\t\t\t\t<\/div>\n\t\t\t\t<\/div>\n\t\t\t\t\t<\/div>\n\t\t<\/div>\n\t\t\t\t\t\t\t<\/div>\n\t\t<\/section>\n\t\t\t\t<section class=\"elementor-section elementor-top-section elementor-element elementor-element-4bf011d elementor-section-boxed elementor-section-height-default elementor-section-height-default\" data-id=\"4bf011d\" data-element_type=\"section\">\n\t\t\t\t\t\t<div class=\"elementor-container elementor-column-gap-default\">\n\t\t\t\t\t<div class=\"elementor-column elementor-col-100 elementor-top-column elementor-element elementor-element-909375b\" data-id=\"909375b\" data-element_type=\"column\">\n\t\t\t<div class=\"elementor-widget-wrap elementor-element-populated\">\n\t\t\t\t\t\t\t\t<div class=\"elementor-element elementor-element-0d4b8b8 elementor-widget elementor-widget-text-editor\" data-id=\"0d4b8b8\" data-element_type=\"widget\" data-widget_type=\"text-editor.default\">\n\t\t\t\t<div class=\"elementor-widget-container\">\n\t\t\t<style>\/*! elementor - v3.16.0 - 17-10-2023 *\/\n.elementor-widget-text-editor.elementor-drop-cap-view-stacked .elementor-drop-cap{background-color:#69727d;color:#fff}.elementor-widget-text-editor.elementor-drop-cap-view-framed .elementor-drop-cap{color:#69727d;border:3px solid;background-color:transparent}.elementor-widget-text-editor:not(.elementor-drop-cap-view-default) .elementor-drop-cap{margin-top:8px}.elementor-widget-text-editor:not(.elementor-drop-cap-view-default) .elementor-drop-cap-letter{width:1em;height:1em}.elementor-widget-text-editor .elementor-drop-cap{float:left;text-align:center;line-height:1;font-size:50px}.elementor-widget-text-editor .elementor-drop-cap-letter{display:inline-block}<\/style>\t\t\t\t<p>In a demanding market as the industrial is, our suppliers maintain the basic principles of transparency and sustainability. We offer a comprehensive and personalized solution to the problems caused by poor cleaning and disinfection of the facilities. Consulting, process optimization, microbiological problem solving and training are key elements for the development of our work.<\/p>\t\t\t\t\t\t<\/div>\n\t\t\t\t<\/div>\n\t\t\t\t\t<\/div>\n\t\t<\/div>\n\t\t\t\t\t\t\t<\/div>\n\t\t<\/section>\n\t\t\t\t<section class=\"elementor-section elementor-top-section elementor-element elementor-element-0480944 elementor-section-boxed elementor-section-height-default elementor-section-height-default\" data-id=\"0480944\" data-element_type=\"section\">\n\t\t\t\t\t\t<div class=\"elementor-container elementor-column-gap-default\">\n\t\t\t\t\t<div class=\"elementor-column elementor-col-33 elementor-top-column elementor-element elementor-element-8bac838\" data-id=\"8bac838\" data-element_type=\"column\">\n\t\t\t<div class=\"elementor-widget-wrap elementor-element-populated\">\n\t\t\t\t\t\t\t\t<div class=\"elementor-element elementor-element-581964b elementor-widget elementor-widget-image\" data-id=\"581964b\" data-element_type=\"widget\" data-widget_type=\"image.default\">\n\t\t\t\t<div class=\"elementor-widget-container\">\n\t\t\t<style>\/*! elementor - v3.16.0 - 17-10-2023 *\/\n.elementor-widget-image{text-align:center}.elementor-widget-image a{display:inline-block}.elementor-widget-image a img[src$=\".svg\"]{width:48px}.elementor-widget-image img{vertical-align:middle;display:inline-block}<\/style>\t\t\t\t\t\t\t\t\t\t\t\t\t<a href=\"https:\/\/quimicelgalicia.com\/en\/productos-industria\/\">\n\t\t\t\t\t\t\t<img loading=\"lazy\" decoding=\"async\" width=\"226\" height=\"228\" src=\"https:\/\/quimicelgalicia.com\/wp-content\/uploads\/2023\/08\/Group-67.png\" class=\"attachment-large size-large wp-image-381\" alt=\"\" srcset=\"https:\/\/quimicelgalicia.com\/wp-content\/uploads\/2023\/08\/Group-67.png 226w, https:\/\/quimicelgalicia.com\/wp-content\/uploads\/2023\/08\/Group-67-150x150.png 150w, https:\/\/quimicelgalicia.com\/wp-content\/uploads\/2023\/08\/Group-67-12x12.png 12w\" sizes=\"auto, (max-width: 226px) 100vw, 226px\" \/>\t\t\t\t\t\t\t\t<\/a>\n\t\t\t\t\t\t\t\t\t\t\t\t\t\t\t<\/div>\n\t\t\t\t<\/div>\n\t\t\t\t\t<\/div>\n\t\t<\/div>\n\t\t\t\t<div class=\"elementor-column elementor-col-33 elementor-top-column elementor-element elementor-element-e428b87\" data-id=\"e428b87\" data-element_type=\"column\">\n\t\t\t<div class=\"elementor-widget-wrap elementor-element-populated\">\n\t\t\t\t\t\t\t\t<div class=\"elementor-element elementor-element-ab64c70 elementor-widget elementor-widget-image\" data-id=\"ab64c70\" data-element_type=\"widget\" data-widget_type=\"image.default\">\n\t\t\t\t<div class=\"elementor-widget-container\">\n\t\t\t\t\t\t\t\t\t\t\t\t\t\t\t\t<a href=\"https:\/\/quimicelgalicia.com\/en\/celulosa-industria\/\">\n\t\t\t\t\t\t\t<img loading=\"lazy\" decoding=\"async\" width=\"226\" height=\"229\" src=\"https:\/\/quimicelgalicia.com\/wp-content\/uploads\/2023\/08\/Group-58.png\" class=\"attachment-large size-large wp-image-319\" alt=\"\" \/>\t\t\t\t\t\t\t\t<\/a>\n\t\t\t\t\t\t\t\t\t\t\t\t\t\t\t<\/div>\n\t\t\t\t<\/div>\n\t\t\t\t\t<\/div>\n\t\t<\/div>\n\t\t\t\t<div class=\"elementor-column elementor-col-33 elementor-top-column elementor-element elementor-element-b5f3403\" data-id=\"b5f3403\" data-element_type=\"column\">\n\t\t\t<div class=\"elementor-widget-wrap elementor-element-populated\">\n\t\t\t\t\t\t\t\t<div class=\"elementor-element elementor-element-107e4b6 elementor-widget elementor-widget-image\" data-id=\"107e4b6\" data-element_type=\"widget\" data-widget_type=\"image.default\">\n\t\t\t\t<div class=\"elementor-widget-container\">\n\t\t\t\t\t\t\t\t\t\t\t\t\t\t\t\t<a href=\"https:\/\/quimicelgalicia.com\/en\/epis-guantes\/\">\n\t\t\t\t\t\t\t<img loading=\"lazy\" decoding=\"async\" width=\"226\" height=\"228\" src=\"https:\/\/quimicelgalicia.com\/wp-content\/uploads\/2023\/08\/Group-61.png\" class=\"attachment-large size-large wp-image-286\" alt=\"\" srcset=\"https:\/\/quimicelgalicia.com\/wp-content\/uploads\/2023\/08\/Group-61.png 226w, https:\/\/quimicelgalicia.com\/wp-content\/uploads\/2023\/08\/Group-61-150x150.png 150w, https:\/\/quimicelgalicia.com\/wp-content\/uploads\/2023\/08\/Group-61-12x12.png 12w\" sizes=\"auto, (max-width: 226px) 100vw, 226px\" \/>\t\t\t\t\t\t\t\t<\/a>\n\t\t\t\t\t\t\t\t\t\t\t\t\t\t\t<\/div>\n\t\t\t\t<\/div>\n\t\t\t\t\t<\/div>\n\t\t<\/div>\n\t\t\t\t\t\t\t<\/div>\n\t\t<\/section>\n\t\t\t\t<section class=\"elementor-section elementor-top-section elementor-element elementor-element-05685a0 elementor-section-boxed elementor-section-height-default elementor-section-height-default\" data-id=\"05685a0\" data-element_type=\"section\">\n\t\t\t\t\t\t<div class=\"elementor-container elementor-column-gap-default\">\n\t\t\t\t\t<div class=\"elementor-column elementor-col-33 elementor-top-column elementor-element elementor-element-4bdcc32\" data-id=\"4bdcc32\" data-element_type=\"column\">\n\t\t\t<div class=\"elementor-widget-wrap elementor-element-populated\">\n\t\t\t\t\t\t\t\t<div class=\"elementor-element elementor-element-d79d3cb elementor-widget elementor-widget-image\" data-id=\"d79d3cb\" data-element_type=\"widget\" data-widget_type=\"image.default\">\n\t\t\t\t<div class=\"elementor-widget-container\">\n\t\t\t\t\t\t\t\t\t\t\t\t\t\t\t\t<a href=\"https:\/\/quimicelgalicia.com\/en\/maquinaria-limpieza\/\">\n\t\t\t\t\t\t\t<img loading=\"lazy\" decoding=\"async\" width=\"226\" height=\"228\" src=\"https:\/\/quimicelgalicia.com\/wp-content\/uploads\/2023\/08\/Group-66.png\" class=\"attachment-large size-large wp-image-333\" alt=\"\" srcset=\"https:\/\/quimicelgalicia.com\/wp-content\/uploads\/2023\/08\/Group-66.png 226w, https:\/\/quimicelgalicia.com\/wp-content\/uploads\/2023\/08\/Group-66-150x150.png 150w, https:\/\/quimicelgalicia.com\/wp-content\/uploads\/2023\/08\/Group-66-12x12.png 12w\" sizes=\"auto, (max-width: 226px) 100vw, 226px\" \/>\t\t\t\t\t\t\t\t<\/a>\n\t\t\t\t\t\t\t\t\t\t\t\t\t\t\t<\/div>\n\t\t\t\t<\/div>\n\t\t\t\t\t<\/div>\n\t\t<\/div>\n\t\t\t\t<div class=\"elementor-column elementor-col-33 elementor-top-column elementor-element elementor-element-54fdee1\" data-id=\"54fdee1\" data-element_type=\"column\">\n\t\t\t<div class=\"elementor-widget-wrap elementor-element-populated\">\n\t\t\t\t\t\t\t\t<div class=\"elementor-element elementor-element-82a39e7 elementor-widget elementor-widget-image\" data-id=\"82a39e7\" data-element_type=\"widget\" data-widget_type=\"image.default\">\n\t\t\t\t<div class=\"elementor-widget-container\">\n\t\t\t\t\t\t\t\t\t\t\t\t\t\t\t\t<a href=\"https:\/\/quimicelgalicia.com\/en\/utiles-detectable\/\">\n\t\t\t\t\t\t\t<img loading=\"lazy\" decoding=\"async\" width=\"226\" height=\"228\" src=\"https:\/\/quimicelgalicia.com\/wp-content\/uploads\/2023\/08\/Group-71.png\" class=\"attachment-large size-large wp-image-615\" alt=\"\" srcset=\"https:\/\/quimicelgalicia.com\/wp-content\/uploads\/2023\/08\/Group-71.png 226w, https:\/\/quimicelgalicia.com\/wp-content\/uploads\/2023\/08\/Group-71-150x150.png 150w, https:\/\/quimicelgalicia.com\/wp-content\/uploads\/2023\/08\/Group-71-12x12.png 12w\" sizes=\"auto, (max-width: 226px) 100vw, 226px\" \/>\t\t\t\t\t\t\t\t<\/a>\n\t\t\t\t\t\t\t\t\t\t\t\t\t\t\t<\/div>\n\t\t\t\t<\/div>\n\t\t\t\t\t<\/div>\n\t\t<\/div>\n\t\t\t\t<div class=\"elementor-column elementor-col-33 elementor-top-column elementor-element elementor-element-5b2f1fb\" data-id=\"5b2f1fb\" data-element_type=\"column\">\n\t\t\t<div class=\"elementor-widget-wrap elementor-element-populated\">\n\t\t\t\t\t\t\t\t<div class=\"elementor-element elementor-element-d76cf1c elementor-widget elementor-widget-image\" data-id=\"d76cf1c\" data-element_type=\"widget\" data-widget_type=\"image.default\">\n\t\t\t\t<div class=\"elementor-widget-container\">\n\t\t\t\t\t\t\t\t\t\t\t\t\t\t\t\t<a href=\"https:\/\/quimicelgalicia.com\/en\/maquinaria-industrial\/\">\n\t\t\t\t\t\t\t<img loading=\"lazy\" decoding=\"async\" width=\"226\" height=\"228\" src=\"https:\/\/quimicelgalicia.com\/wp-content\/uploads\/2023\/08\/Group-69.png\" class=\"attachment-large size-large wp-image-383\" alt=\"\" srcset=\"https:\/\/quimicelgalicia.com\/wp-content\/uploads\/2023\/08\/Group-69.png 226w, https:\/\/quimicelgalicia.com\/wp-content\/uploads\/2023\/08\/Group-69-150x150.png 150w, https:\/\/quimicelgalicia.com\/wp-content\/uploads\/2023\/08\/Group-69-12x12.png 12w\" sizes=\"auto, (max-width: 226px) 100vw, 226px\" \/>\t\t\t\t\t\t\t\t<\/a>\n\t\t\t\t\t\t\t\t\t\t\t\t\t\t\t<\/div>\n\t\t\t\t<\/div>\n\t\t\t\t\t<\/div>\n\t\t<\/div>\n\t\t\t\t\t\t\t<\/div>\n\t\t<\/section>\n\t\t\t\t<section class=\"elementor-section elementor-top-section elementor-element elementor-element-16a60ca elementor-section-boxed elementor-section-height-default elementor-section-height-default\" data-id=\"16a60ca\" data-element_type=\"section\">\n\t\t\t\t\t\t<div class=\"elementor-container elementor-column-gap-default\">\n\t\t\t\t\t<div class=\"elementor-column elementor-col-33 elementor-top-column elementor-element elementor-element-3982459\" data-id=\"3982459\" data-element_type=\"column\">\n\t\t\t<div class=\"elementor-widget-wrap\">\n\t\t\t\t\t\t\t\t\t<\/div>\n\t\t<\/div>\n\t\t\t\t<div class=\"elementor-column elementor-col-33 elementor-top-column elementor-element elementor-element-cfc5638\" data-id=\"cfc5638\" data-element_type=\"column\">\n\t\t\t<div class=\"elementor-widget-wrap elementor-element-populated\">\n\t\t\t\t\t\t\t\t<div class=\"elementor-element elementor-element-c9fef39 elementor-widget elementor-widget-image\" data-id=\"c9fef39\" data-element_type=\"widget\" data-widget_type=\"image.default\">\n\t\t\t\t<div class=\"elementor-widget-container\">\n\t\t\t\t\t\t\t\t\t\t\t\t\t\t\t\t<a href=\"https:\/\/quimicelgalicia.com\/en\/alfombras-pavimentos\/\">\n\t\t\t\t\t\t\t<img loading=\"lazy\" decoding=\"async\" width=\"226\" height=\"228\" src=\"https:\/\/quimicelgalicia.com\/wp-content\/uploads\/2023\/08\/Group-59.png\" class=\"attachment-large size-large wp-image-282\" alt=\"\" srcset=\"https:\/\/quimicelgalicia.com\/wp-content\/uploads\/2023\/08\/Group-59.png 226w, https:\/\/quimicelgalicia.com\/wp-content\/uploads\/2023\/08\/Group-59-150x150.png 150w, https:\/\/quimicelgalicia.com\/wp-content\/uploads\/2023\/08\/Group-59-12x12.png 12w\" sizes=\"auto, (max-width: 226px) 100vw, 226px\" \/>\t\t\t\t\t\t\t\t<\/a>\n\t\t\t\t\t\t\t\t\t\t\t\t\t\t\t<\/div>\n\t\t\t\t<\/div>\n\t\t\t\t\t<\/div>\n\t\t<\/div>\n\t\t\t\t<div class=\"elementor-column elementor-col-33 elementor-top-column elementor-element elementor-element-728f3d0\" data-id=\"728f3d0\" data-element_type=\"column\">\n\t\t\t<div class=\"elementor-widget-wrap\">\n\t\t\t\t\t\t\t\t\t<\/div>\n\t\t<\/div>\n\t\t\t\t\t\t\t<\/div>\n\t\t<\/section>\n\t\t\t\t\t\t\t<\/div>","protected":false},"excerpt":{"rendered":"<p>En un mercado tan exigente como el industrial, nuestros proveedores mantienen los principios b\u00e1sicos de transparencia y sostenibilidad. Ofrecemos una soluci\u00f3n integral y personalizada a los problemas derivados de una mala gesti\u00f3n de la limpieza y desinfecci\u00f3n de las instalaciones. Consultor\u00eda, optimizaci\u00f3n de procesos,resoluci\u00f3n de problemas microbiol\u00f3gicos y formaci\u00f3n son elementos claves para el desarrollo &hellip;<\/p>\n<p class=\"read-more\"> <a class=\"\" href=\"https:\/\/quimicelgalicia.com\/en\/industria\"> <span class=\"screen-reader-text\">Industry<\/span> Read More &raquo;<\/a><\/p>","protected":false},"author":1,"featured_media":0,"parent":0,"menu_order":0,"comment_status":"closed","ping_status":"closed","template":"","meta":{"site-sidebar-layout":"no-sidebar","site-content-layout":"page-builder","ast-global-header-display":"","ast-banner-title-visibility":"","ast-main-header-display":"","ast-hfb-above-header-display":"","ast-hfb-below-header-display":"","ast-hfb-mobile-header-display":"","site-post-title":"disabled","ast-breadcrumbs-content":"","ast-featured-img":"disabled","footer-sml-layout":"","theme-transparent-header-meta":"","adv-header-id-meta":"","stick-header-meta":"","header-above-stick-meta":"","header-main-stick-meta":"","header-below-stick-meta":"","footnotes":""},"class_list":["post-96","page","type-page","status-publish","hentry"],"_links":{"self":[{"href":"https:\/\/quimicelgalicia.com\/en\/wp-json\/wp\/v2\/pages\/96","targetHints":{"allow":["GET"]}}],"collection":[{"href":"https:\/\/quimicelgalicia.com\/en\/wp-json\/wp\/v2\/pages"}],"about":[{"href":"https:\/\/quimicelgalicia.com\/en\/wp-json\/wp\/v2\/types\/page"}],"author":[{"embeddable":true,"href":"https:\/\/quimicelgalicia.com\/en\/wp-json\/wp\/v2\/users\/1"}],"replies":[{"embeddable":true,"href":"https:\/\/quimicelgalicia.com\/en\/wp-json\/wp\/v2\/comments?post=96"}],"version-history":[{"count":18,"href":"https:\/\/quimicelgalicia.com\/en\/wp-json\/wp\/v2\/pages\/96\/revisions"}],"predecessor-version":[{"id":982,"href":"https:\/\/quimicelgalicia.com\/en\/wp-json\/wp\/v2\/pages\/96\/revisions\/982"}],"wp:attachment":[{"href":"https:\/\/quimicelgalicia.com\/en\/wp-json\/wp\/v2\/media?parent=96"}],"curies":[{"name":"wp","href":"https:\/\/api.w.org\/{rel}","templated":true}]}}