{"id":914,"date":"2023-10-24T07:36:37","date_gmt":"2023-10-24T07:36:37","guid":{"rendered":"https:\/\/quimicelgalicia.com\/?page_id=914"},"modified":"2024-01-08T07:44:57","modified_gmt":"2024-01-08T07:44:57","slug":"gestion-residuos","status":"publish","type":"page","link":"https:\/\/quimicelgalicia.com\/en\/gestion-residuos","title":{"rendered":"Gestion de Residuos"},"content":{"rendered":"<div data-elementor-type=\"wp-page\" data-elementor-id=\"914\" class=\"elementor elementor-914\">\n\t\t\t\t\t\t\t\t\t<section class=\"elementor-section elementor-top-section elementor-element elementor-element-12ea836 elementor-section-boxed elementor-section-height-default elementor-section-height-default\" data-id=\"12ea836\" data-element_type=\"section\">\n\t\t\t\t\t\t<div class=\"elementor-container elementor-column-gap-default\">\n\t\t\t\t\t<div class=\"elementor-column elementor-col-100 elementor-top-column elementor-element elementor-element-e7bfc2f\" data-id=\"e7bfc2f\" data-element_type=\"column\">\n\t\t\t<div class=\"elementor-widget-wrap elementor-element-populated\">\n\t\t\t\t\t\t\t\t<div class=\"elementor-element elementor-element-14274f6 elementor-widget elementor-widget-heading\" data-id=\"14274f6\" data-element_type=\"widget\" data-widget_type=\"heading.default\">\n\t\t\t\t<div class=\"elementor-widget-container\">\n\t\t\t<style>\/*! elementor - v3.16.0 - 17-10-2023 *\/\n.elementor-heading-title{padding:0;margin:0;line-height:1}.elementor-widget-heading .elementor-heading-title[class*=elementor-size-]>a{color:inherit;font-size:inherit;line-height:inherit}.elementor-widget-heading .elementor-heading-title.elementor-size-small{font-size:15px}.elementor-widget-heading .elementor-heading-title.elementor-size-medium{font-size:19px}.elementor-widget-heading .elementor-heading-title.elementor-size-large{font-size:29px}.elementor-widget-heading .elementor-heading-title.elementor-size-xl{font-size:39px}.elementor-widget-heading .elementor-heading-title.elementor-size-xxl{font-size:59px}<\/style><h2 class=\"elementor-heading-title elementor-size-default\">Gesti\u00f3n de residuos<\/h2>\t\t<\/div>\n\t\t\t\t<\/div>\n\t\t\t\t\t<\/div>\n\t\t<\/div>\n\t\t\t\t\t\t\t<\/div>\n\t\t<\/section>\n\t\t\t\t<section class=\"elementor-section elementor-top-section elementor-element elementor-element-bf5b871 elementor-section-boxed elementor-section-height-default elementor-section-height-default\" data-id=\"bf5b871\" data-element_type=\"section\">\n\t\t\t\t\t\t<div class=\"elementor-container elementor-column-gap-default\">\n\t\t\t\t\t<div class=\"elementor-column elementor-col-33 elementor-top-column elementor-element elementor-element-ef0bde4\" data-id=\"ef0bde4\" data-element_type=\"column\">\n\t\t\t<div class=\"elementor-widget-wrap elementor-element-populated\">\n\t\t\t\t\t\t\t\t<div class=\"elementor-element elementor-element-a78491e elementor-widget elementor-widget-image\" data-id=\"a78491e\" data-element_type=\"widget\" data-widget_type=\"image.default\">\n\t\t\t\t<div class=\"elementor-widget-container\">\n\t\t\t<style>\/*! elementor - v3.16.0 - 17-10-2023 *\/\n.elementor-widget-image{text-align:center}.elementor-widget-image a{display:inline-block}.elementor-widget-image a img[src$=\".svg\"]{width:48px}.elementor-widget-image img{vertical-align:middle;display:inline-block}<\/style>\t\t\t\t\t\t\t\t\t\t\t\t<img loading=\"lazy\" decoding=\"async\" width=\"240\" height=\"300\" src=\"https:\/\/quimicelgalicia.com\/wp-content\/uploads\/2023\/10\/04581-10-240x300.jpg\" class=\"attachment-medium size-medium wp-image-917\" alt=\"\" srcset=\"https:\/\/quimicelgalicia.com\/wp-content\/uploads\/2023\/10\/04581-10-240x300.jpg 240w, https:\/\/quimicelgalicia.com\/wp-content\/uploads\/2023\/10\/04581-10-10x12.jpg 10w, https:\/\/quimicelgalicia.com\/wp-content\/uploads\/2023\/10\/04581-10.jpg 400w\" sizes=\"auto, (max-width: 240px) 100vw, 240px\" \/>\t\t\t\t\t\t\t\t\t\t\t\t\t\t\t<\/div>\n\t\t\t\t<\/div>\n\t\t\t\t<div class=\"elementor-element elementor-element-94713c6 elementor-widget elementor-widget-heading\" data-id=\"94713c6\" data-element_type=\"widget\" data-widget_type=\"heading.default\">\n\t\t\t\t<div class=\"elementor-widget-container\">\n\t\t\t<p class=\"elementor-heading-title elementor-size-default\">Papeleras pl\u00e1sticas<\/p>\t\t<\/div>\n\t\t\t\t<\/div>\n\t\t\t\t\t<\/div>\n\t\t<\/div>\n\t\t\t\t<div class=\"elementor-column elementor-col-33 elementor-top-column elementor-element elementor-element-bbd0933\" data-id=\"bbd0933\" data-element_type=\"column\">\n\t\t\t<div class=\"elementor-widget-wrap elementor-element-populated\">\n\t\t\t\t\t\t\t\t<div class=\"elementor-element elementor-element-f157abd elementor-widget elementor-widget-image\" data-id=\"f157abd\" data-element_type=\"widget\" data-widget_type=\"image.default\">\n\t\t\t\t<div class=\"elementor-widget-container\">\n\t\t\t\t\t\t\t\t\t\t\t\t\t\t\t<img loading=\"lazy\" decoding=\"async\" width=\"240\" height=\"300\" src=\"https:\/\/quimicelgalicia.com\/wp-content\/uploads\/2023\/10\/04555-240x300.jpg\" class=\"attachment-medium size-medium wp-image-918\" alt=\"\" srcset=\"https:\/\/quimicelgalicia.com\/wp-content\/uploads\/2023\/10\/04555-240x300.jpg 240w, https:\/\/quimicelgalicia.com\/wp-content\/uploads\/2023\/10\/04555-10x12.jpg 10w, https:\/\/quimicelgalicia.com\/wp-content\/uploads\/2023\/10\/04555.jpg 400w\" sizes=\"auto, (max-width: 240px) 100vw, 240px\" \/>\t\t\t\t\t\t\t\t\t\t\t\t\t\t\t<\/div>\n\t\t\t\t<\/div>\n\t\t\t\t<div class=\"elementor-element elementor-element-bef6e3a elementor-widget elementor-widget-heading\" data-id=\"bef6e3a\" data-element_type=\"widget\" data-widget_type=\"heading.default\">\n\t\t\t\t<div class=\"elementor-widget-container\">\n\t\t\t<p class=\"elementor-heading-title elementor-size-default\">Papeleras met\u00e1licas<\/p>\t\t<\/div>\n\t\t\t\t<\/div>\n\t\t\t\t\t<\/div>\n\t\t<\/div>\n\t\t\t\t<div class=\"elementor-column elementor-col-33 elementor-top-column elementor-element elementor-element-d7c3992\" data-id=\"d7c3992\" data-element_type=\"column\">\n\t\t\t<div class=\"elementor-widget-wrap elementor-element-populated\">\n\t\t\t\t\t\t\t\t<div class=\"elementor-element elementor-element-f69a3d5 elementor-widget elementor-widget-image\" data-id=\"f69a3d5\" data-element_type=\"widget\" data-widget_type=\"image.default\">\n\t\t\t\t<div class=\"elementor-widget-container\">\n\t\t\t\t\t\t\t\t\t\t\t\t\t\t\t<img loading=\"lazy\" decoding=\"async\" width=\"240\" height=\"300\" src=\"https:\/\/quimicelgalicia.com\/wp-content\/uploads\/2023\/10\/04911-10-240x300.jpg\" class=\"attachment-medium size-medium wp-image-919\" alt=\"\" srcset=\"https:\/\/quimicelgalicia.com\/wp-content\/uploads\/2023\/10\/04911-10-240x300.jpg 240w, https:\/\/quimicelgalicia.com\/wp-content\/uploads\/2023\/10\/04911-10-10x12.jpg 10w, https:\/\/quimicelgalicia.com\/wp-content\/uploads\/2023\/10\/04911-10.jpg 400w\" sizes=\"auto, (max-width: 240px) 100vw, 240px\" \/>\t\t\t\t\t\t\t\t\t\t\t\t\t\t\t<\/div>\n\t\t\t\t<\/div>\n\t\t\t\t<div class=\"elementor-element elementor-element-7bddc87 elementor-widget elementor-widget-heading\" data-id=\"7bddc87\" data-element_type=\"widget\" data-widget_type=\"heading.default\">\n\t\t\t\t<div class=\"elementor-widget-container\">\n\t\t\t<p class=\"elementor-heading-title elementor-size-default\">Contenedores de basura<\/p>\t\t<\/div>\n\t\t\t\t<\/div>\n\t\t\t\t\t<\/div>\n\t\t<\/div>\n\t\t\t\t\t\t\t<\/div>\n\t\t<\/section>\n\t\t\t\t<section class=\"elementor-section elementor-top-section elementor-element elementor-element-c339ac7 elementor-section-boxed elementor-section-height-default elementor-section-height-default\" data-id=\"c339ac7\" data-element_type=\"section\">\n\t\t\t\t\t\t<div class=\"elementor-container elementor-column-gap-default\">\n\t\t\t\t\t<div class=\"elementor-column elementor-col-33 elementor-top-column elementor-element elementor-element-3edd71a\" data-id=\"3edd71a\" data-element_type=\"column\">\n\t\t\t<div class=\"elementor-widget-wrap elementor-element-populated\">\n\t\t\t\t\t\t\t\t<div class=\"elementor-element elementor-element-bb107c4 elementor-widget elementor-widget-image\" data-id=\"bb107c4\" data-element_type=\"widget\" data-widget_type=\"image.default\">\n\t\t\t\t<div class=\"elementor-widget-container\">\n\t\t\t\t\t\t\t\t\t\t\t\t\t\t\t<img loading=\"lazy\" decoding=\"async\" width=\"240\" height=\"300\" src=\"https:\/\/quimicelgalicia.com\/wp-content\/uploads\/2023\/10\/04594-240x300.jpg\" class=\"attachment-medium size-medium wp-image-920\" alt=\"\" srcset=\"https:\/\/quimicelgalicia.com\/wp-content\/uploads\/2023\/10\/04594-240x300.jpg 240w, https:\/\/quimicelgalicia.com\/wp-content\/uploads\/2023\/10\/04594-10x12.jpg 10w, https:\/\/quimicelgalicia.com\/wp-content\/uploads\/2023\/10\/04594.jpg 400w\" sizes=\"auto, (max-width: 240px) 100vw, 240px\" \/>\t\t\t\t\t\t\t\t\t\t\t\t\t\t\t<\/div>\n\t\t\t\t<\/div>\n\t\t\t\t<div class=\"elementor-element elementor-element-2d7d4ed elementor-widget elementor-widget-heading\" data-id=\"2d7d4ed\" data-element_type=\"widget\" data-widget_type=\"heading.default\">\n\t\t\t\t<div class=\"elementor-widget-container\">\n\t\t\t<p class=\"elementor-heading-title elementor-size-default\">Contenedores higi\u00e9nicos<\/p>\t\t<\/div>\n\t\t\t\t<\/div>\n\t\t\t\t\t<\/div>\n\t\t<\/div>\n\t\t\t\t<div class=\"elementor-column elementor-col-33 elementor-top-column elementor-element elementor-element-4e67122\" data-id=\"4e67122\" data-element_type=\"column\">\n\t\t\t<div class=\"elementor-widget-wrap elementor-element-populated\">\n\t\t\t\t\t\t\t\t<div class=\"elementor-element elementor-element-95a1cd8 elementor-widget elementor-widget-image\" data-id=\"95a1cd8\" data-element_type=\"widget\" data-widget_type=\"image.default\">\n\t\t\t\t<div class=\"elementor-widget-container\">\n\t\t\t\t\t\t\t\t\t\t\t\t\t\t\t<img loading=\"lazy\" decoding=\"async\" width=\"190\" height=\"300\" src=\"https:\/\/quimicelgalicia.com\/wp-content\/uploads\/2024\/01\/PAPELERAS-DE-EXTERIOR-190x300.jpg\" class=\"attachment-medium size-medium wp-image-1027\" alt=\"\" srcset=\"https:\/\/quimicelgalicia.com\/wp-content\/uploads\/2024\/01\/PAPELERAS-DE-EXTERIOR-190x300.jpg 190w, https:\/\/quimicelgalicia.com\/wp-content\/uploads\/2024\/01\/PAPELERAS-DE-EXTERIOR-649x1024.jpg 649w, https:\/\/quimicelgalicia.com\/wp-content\/uploads\/2024\/01\/PAPELERAS-DE-EXTERIOR-768x1212.jpg 768w, https:\/\/quimicelgalicia.com\/wp-content\/uploads\/2024\/01\/PAPELERAS-DE-EXTERIOR-973x1536.jpg 973w, https:\/\/quimicelgalicia.com\/wp-content\/uploads\/2024\/01\/PAPELERAS-DE-EXTERIOR-8x12.jpg 8w, https:\/\/quimicelgalicia.com\/wp-content\/uploads\/2024\/01\/PAPELERAS-DE-EXTERIOR.jpg 1181w\" sizes=\"auto, (max-width: 190px) 100vw, 190px\" \/>\t\t\t\t\t\t\t\t\t\t\t\t\t\t\t<\/div>\n\t\t\t\t<\/div>\n\t\t\t\t<div class=\"elementor-element elementor-element-55d0b6c elementor-widget elementor-widget-heading\" data-id=\"55d0b6c\" data-element_type=\"widget\" data-widget_type=\"heading.default\">\n\t\t\t\t<div class=\"elementor-widget-container\">\n\t\t\t<p class=\"elementor-heading-title elementor-size-default\">Papeleras<\/p>\t\t<\/div>\n\t\t\t\t<\/div>\n\t\t\t\t\t<\/div>\n\t\t<\/div>\n\t\t\t\t<div class=\"elementor-column elementor-col-33 elementor-top-column elementor-element elementor-element-00e87f4\" data-id=\"00e87f4\" data-element_type=\"column\">\n\t\t\t<div class=\"elementor-widget-wrap elementor-element-populated\">\n\t\t\t\t\t\t\t\t<div class=\"elementor-element elementor-element-476bf08 elementor-widget elementor-widget-image\" data-id=\"476bf08\" data-element_type=\"widget\" data-widget_type=\"image.default\">\n\t\t\t\t<div class=\"elementor-widget-container\">\n\t\t\t\t\t\t\t\t\t\t\t\t\t\t\t<img loading=\"lazy\" decoding=\"async\" width=\"95\" height=\"300\" src=\"https:\/\/quimicelgalicia.com\/wp-content\/uploads\/2024\/01\/CENICEROS-95x300.jpg\" class=\"attachment-medium size-medium wp-image-1028\" alt=\"\" srcset=\"https:\/\/quimicelgalicia.com\/wp-content\/uploads\/2024\/01\/CENICEROS-95x300.jpg 95w, https:\/\/quimicelgalicia.com\/wp-content\/uploads\/2024\/01\/CENICEROS-4x12.jpg 4w, https:\/\/quimicelgalicia.com\/wp-content\/uploads\/2024\/01\/CENICEROS.jpg 309w\" sizes=\"auto, (max-width: 95px) 100vw, 95px\" \/>\t\t\t\t\t\t\t\t\t\t\t\t\t\t\t<\/div>\n\t\t\t\t<\/div>\n\t\t\t\t<div class=\"elementor-element elementor-element-8ef4419 elementor-widget elementor-widget-heading\" data-id=\"8ef4419\" data-element_type=\"widget\" data-widget_type=\"heading.default\">\n\t\t\t\t<div class=\"elementor-widget-container\">\n\t\t\t<p class=\"elementor-heading-title elementor-size-default\">Ceniceros<\/p>\t\t<\/div>\n\t\t\t\t<\/div>\n\t\t\t\t\t<\/div>\n\t\t<\/div>\n\t\t\t\t\t\t\t<\/div>\n\t\t<\/section>\n\t\t\t\t<section class=\"elementor-section elementor-top-section elementor-element elementor-element-41f656f elementor-section-boxed elementor-section-height-default elementor-section-height-default\" data-id=\"41f656f\" data-element_type=\"section\">\n\t\t\t\t\t\t<div class=\"elementor-container elementor-column-gap-default\">\n\t\t\t\t\t<div class=\"elementor-column elementor-col-100 elementor-top-column elementor-element elementor-element-e10e593\" data-id=\"e10e593\" data-element_type=\"column\">\n\t\t\t<div class=\"elementor-widget-wrap elementor-element-populated\">\n\t\t\t\t\t\t\t\t<div class=\"elementor-element elementor-element-5f3609d elementor-widget elementor-widget-image\" data-id=\"5f3609d\" data-element_type=\"widget\" data-widget_type=\"image.default\">\n\t\t\t\t<div class=\"elementor-widget-container\">\n\t\t\t\t\t\t\t\t\t\t\t\t\t\t\t<img loading=\"lazy\" decoding=\"async\" width=\"300\" height=\"300\" src=\"https:\/\/quimicelgalicia.com\/wp-content\/uploads\/2023\/12\/SACOS-Y-BOLSAS-DE-BASURA-INDUSTRIALES-300x300.webp\" class=\"attachment-medium size-medium wp-image-944\" alt=\"\" srcset=\"https:\/\/quimicelgalicia.com\/wp-content\/uploads\/2023\/12\/SACOS-Y-BOLSAS-DE-BASURA-INDUSTRIALES-300x300.webp 300w, https:\/\/quimicelgalicia.com\/wp-content\/uploads\/2023\/12\/SACOS-Y-BOLSAS-DE-BASURA-INDUSTRIALES-150x150.webp 150w, https:\/\/quimicelgalicia.com\/wp-content\/uploads\/2023\/12\/SACOS-Y-BOLSAS-DE-BASURA-INDUSTRIALES-12x12.webp 12w, https:\/\/quimicelgalicia.com\/wp-content\/uploads\/2023\/12\/SACOS-Y-BOLSAS-DE-BASURA-INDUSTRIALES.webp 600w\" sizes=\"auto, (max-width: 300px) 100vw, 300px\" \/>\t\t\t\t\t\t\t\t\t\t\t\t\t\t\t<\/div>\n\t\t\t\t<\/div>\n\t\t\t\t<div class=\"elementor-element elementor-element-deb5147 elementor-widget elementor-widget-heading\" data-id=\"deb5147\" data-element_type=\"widget\" data-widget_type=\"heading.default\">\n\t\t\t\t<div class=\"elementor-widget-container\">\n\t\t\t<p class=\"elementor-heading-title elementor-size-default\">Sacos y bolsa de basura<\/p>\t\t<\/div>\n\t\t\t\t<\/div>\n\t\t\t\t\t<\/div>\n\t\t<\/div>\n\t\t\t\t\t\t\t<\/div>\n\t\t<\/section>\n\t\t\t\t\t\t\t<\/div>","protected":false},"excerpt":{"rendered":"<p>Gesti\u00f3n de residuos Papeleras pl\u00e1sticas Papeleras met\u00e1licas Contenedores de basura Contenedores higi\u00e9nicos Papeleras Ceniceros Sacos y bolsa de basura<\/p>","protected":false},"author":1,"featured_media":0,"parent":0,"menu_order":0,"comment_status":"closed","ping_status":"closed","template":"","meta":{"site-sidebar-layout":"no-sidebar","site-content-layout":"page-builder","ast-global-header-display":"","ast-banner-title-visibility":"","ast-main-header-display":"","ast-hfb-above-header-display":"","ast-hfb-below-header-display":"","ast-hfb-mobile-header-display":"","site-post-title":"disabled","ast-breadcrumbs-content":"","ast-featured-img":"disabled","footer-sml-layout":"","theme-transparent-header-meta":"","adv-header-id-meta":"","stick-header-meta":"","header-above-stick-meta":"","header-main-stick-meta":"","header-below-stick-meta":"","footnotes":""},"class_list":["post-914","page","type-page","status-publish","hentry"],"_links":{"self":[{"href":"https:\/\/quimicelgalicia.com\/en\/wp-json\/wp\/v2\/pages\/914","targetHints":{"allow":["GET"]}}],"collection":[{"href":"https:\/\/quimicelgalicia.com\/en\/wp-json\/wp\/v2\/pages"}],"about":[{"href":"https:\/\/quimicelgalicia.com\/en\/wp-json\/wp\/v2\/types\/page"}],"author":[{"embeddable":true,"href":"https:\/\/quimicelgalicia.com\/en\/wp-json\/wp\/v2\/users\/1"}],"replies":[{"embeddable":true,"href":"https:\/\/quimicelgalicia.com\/en\/wp-json\/wp\/v2\/comments?post=914"}],"version-history":[{"count":17,"href":"https:\/\/quimicelgalicia.com\/en\/wp-json\/wp\/v2\/pages\/914\/revisions"}],"predecessor-version":[{"id":1044,"href":"https:\/\/quimicelgalicia.com\/en\/wp-json\/wp\/v2\/pages\/914\/revisions\/1044"}],"wp:attachment":[{"href":"https:\/\/quimicelgalicia.com\/en\/wp-json\/wp\/v2\/media?parent=914"}],"curies":[{"name":"wp","href":"https:\/\/api.w.org\/{rel}","templated":true}]}}