{"id":740,"date":"2023-08-02T10:15:15","date_gmt":"2023-08-02T10:15:15","guid":{"rendered":"https:\/\/quimicelgalicia.com\/?page_id=740"},"modified":"2023-08-02T10:21:16","modified_gmt":"2023-08-02T10:21:16","slug":"maquinaria-industrial","status":"publish","type":"page","link":"https:\/\/quimicelgalicia.com\/en\/maquinaria-industrial","title":{"rendered":"Maquinaria Industrial"},"content":{"rendered":"<div data-elementor-type=\"wp-page\" data-elementor-id=\"740\" class=\"elementor elementor-740\">\n\t\t\t\t\t\t\t\t\t<section class=\"elementor-section elementor-top-section elementor-element elementor-element-363fdff elementor-section-boxed elementor-section-height-default elementor-section-height-default\" data-id=\"363fdff\" data-element_type=\"section\">\n\t\t\t\t\t\t<div class=\"elementor-container elementor-column-gap-default\">\n\t\t\t\t\t<div class=\"elementor-column elementor-col-100 elementor-top-column elementor-element elementor-element-afe556b\" data-id=\"afe556b\" data-element_type=\"column\" data-settings=\"{&quot;background_background&quot;:&quot;classic&quot;}\">\n\t\t\t<div class=\"elementor-widget-wrap elementor-element-populated\">\n\t\t\t\t\t<div class=\"elementor-background-overlay\"><\/div>\n\t\t\t\t\t\t\t\t<div class=\"elementor-element elementor-element-7bb0e8b elementor-widget elementor-widget-text-editor\" data-id=\"7bb0e8b\" data-element_type=\"widget\" data-widget_type=\"text-editor.default\">\n\t\t\t\t<div class=\"elementor-widget-container\">\n\t\t\t<style>\/*! elementor - v3.16.0 - 17-10-2023 *\/\n.elementor-widget-text-editor.elementor-drop-cap-view-stacked .elementor-drop-cap{background-color:#69727d;color:#fff}.elementor-widget-text-editor.elementor-drop-cap-view-framed .elementor-drop-cap{color:#69727d;border:3px solid;background-color:transparent}.elementor-widget-text-editor:not(.elementor-drop-cap-view-default) .elementor-drop-cap{margin-top:8px}.elementor-widget-text-editor:not(.elementor-drop-cap-view-default) .elementor-drop-cap-letter{width:1em;height:1em}.elementor-widget-text-editor .elementor-drop-cap{float:left;text-align:center;line-height:1;font-size:50px}.elementor-widget-text-editor .elementor-drop-cap-letter{display:inline-block}<\/style>\t\t\t\t<p><strong>L\u00edder en el mercado espa\u00f1ol y con presencia en mas de 80 pa\u00edses, Xucl\u00e0 se presenta como un gran especialista en dise\u00f1o y fabricaci\u00f3n de sistemas de lavado e higienizaci\u00f3n, proyectos a medida de lavado y log\u00edstica, elevadores y volcadores, pasos higi\u00e9nicos y utensilios.<\/strong><\/p>\t\t\t\t\t\t<\/div>\n\t\t\t\t<\/div>\n\t\t\t\t\t<\/div>\n\t\t<\/div>\n\t\t\t\t\t\t\t<\/div>\n\t\t<\/section>\n\t\t\t\t<section class=\"elementor-section elementor-top-section elementor-element elementor-element-9b452b2 elementor-section-boxed elementor-section-height-default elementor-section-height-default\" data-id=\"9b452b2\" data-element_type=\"section\">\n\t\t\t\t\t\t<div class=\"elementor-container elementor-column-gap-default\">\n\t\t\t\t\t<div class=\"elementor-column elementor-col-100 elementor-top-column elementor-element elementor-element-a86401a\" data-id=\"a86401a\" data-element_type=\"column\">\n\t\t\t<div class=\"elementor-widget-wrap elementor-element-populated\">\n\t\t\t\t\t\t\t\t<div class=\"elementor-element elementor-element-8456559 elementor-widget elementor-widget-image\" data-id=\"8456559\" data-element_type=\"widget\" data-widget_type=\"image.default\">\n\t\t\t\t<div class=\"elementor-widget-container\">\n\t\t\t<style>\/*! elementor - v3.16.0 - 17-10-2023 *\/\n.elementor-widget-image{text-align:center}.elementor-widget-image a{display:inline-block}.elementor-widget-image a img[src$=\".svg\"]{width:48px}.elementor-widget-image img{vertical-align:middle;display:inline-block}<\/style>\t\t\t\t\t\t\t\t\t\t\t\t\t<a href=\"https:\/\/quimicelgalicia.com\/wp-content\/uploads\/2023\/07\/Catalogo-Xucla-1.pdf\">\n\t\t\t\t\t\t\t<img loading=\"lazy\" decoding=\"async\" width=\"215\" height=\"300\" src=\"https:\/\/quimicelgalicia.com\/wp-content\/uploads\/2023\/08\/Catalogo-Xucla-1_page-0001-215x300.jpg\" class=\"attachment-medium size-medium wp-image-742\" alt=\"\" srcset=\"https:\/\/quimicelgalicia.com\/wp-content\/uploads\/2023\/08\/Catalogo-Xucla-1_page-0001-215x300.jpg 215w, https:\/\/quimicelgalicia.com\/wp-content\/uploads\/2023\/08\/Catalogo-Xucla-1_page-0001-734x1024.jpg 734w, https:\/\/quimicelgalicia.com\/wp-content\/uploads\/2023\/08\/Catalogo-Xucla-1_page-0001-768x1072.jpg 768w, https:\/\/quimicelgalicia.com\/wp-content\/uploads\/2023\/08\/Catalogo-Xucla-1_page-0001-1101x1536.jpg 1101w, https:\/\/quimicelgalicia.com\/wp-content\/uploads\/2023\/08\/Catalogo-Xucla-1_page-0001.jpg 1299w\" sizes=\"auto, (max-width: 215px) 100vw, 215px\" \/>\t\t\t\t\t\t\t\t<\/a>\n\t\t\t\t\t\t\t\t\t\t\t\t\t\t\t<\/div>\n\t\t\t\t<\/div>\n\t\t\t\t<div class=\"elementor-element elementor-element-0b03cfc elementor-widget elementor-widget-heading\" data-id=\"0b03cfc\" data-element_type=\"widget\" data-widget_type=\"heading.default\">\n\t\t\t\t<div class=\"elementor-widget-container\">\n\t\t\t<style>\/*! elementor - v3.16.0 - 17-10-2023 *\/\n.elementor-heading-title{padding:0;margin:0;line-height:1}.elementor-widget-heading .elementor-heading-title[class*=elementor-size-]>a{color:inherit;font-size:inherit;line-height:inherit}.elementor-widget-heading .elementor-heading-title.elementor-size-small{font-size:15px}.elementor-widget-heading .elementor-heading-title.elementor-size-medium{font-size:19px}.elementor-widget-heading .elementor-heading-title.elementor-size-large{font-size:29px}.elementor-widget-heading .elementor-heading-title.elementor-size-xl{font-size:39px}.elementor-widget-heading .elementor-heading-title.elementor-size-xxl{font-size:59px}<\/style><p class=\"elementor-heading-title elementor-size-default\">Xucl\u00e0<\/p>\t\t<\/div>\n\t\t\t\t<\/div>\n\t\t\t\t\t<\/div>\n\t\t<\/div>\n\t\t\t\t\t\t\t<\/div>\n\t\t<\/section>\n\t\t\t\t\t\t\t<\/div>","protected":false},"excerpt":{"rendered":"<p>L\u00edder en el mercado espa\u00f1ol y con presencia en mas de 80 pa\u00edses, Xucl\u00e0 se presenta como un gran especialista en dise\u00f1o y fabricaci\u00f3n de sistemas de lavado e higienizaci\u00f3n, proyectos a medida de lavado y log\u00edstica, elevadores y volcadores, pasos higi\u00e9nicos y utensilios. Xucl\u00e0<\/p>","protected":false},"author":1,"featured_media":0,"parent":0,"menu_order":0,"comment_status":"closed","ping_status":"closed","template":"","meta":{"site-sidebar-layout":"no-sidebar","site-content-layout":"page-builder","ast-global-header-display":"","ast-banner-title-visibility":"","ast-main-header-display":"","ast-hfb-above-header-display":"","ast-hfb-below-header-display":"","ast-hfb-mobile-header-display":"","site-post-title":"disabled","ast-breadcrumbs-content":"","ast-featured-img":"disabled","footer-sml-layout":"","theme-transparent-header-meta":"","adv-header-id-meta":"","stick-header-meta":"","header-above-stick-meta":"","header-main-stick-meta":"","header-below-stick-meta":"","footnotes":""},"class_list":["post-740","page","type-page","status-publish","hentry"],"_links":{"self":[{"href":"https:\/\/quimicelgalicia.com\/en\/wp-json\/wp\/v2\/pages\/740","targetHints":{"allow":["GET"]}}],"collection":[{"href":"https:\/\/quimicelgalicia.com\/en\/wp-json\/wp\/v2\/pages"}],"about":[{"href":"https:\/\/quimicelgalicia.com\/en\/wp-json\/wp\/v2\/types\/page"}],"author":[{"embeddable":true,"href":"https:\/\/quimicelgalicia.com\/en\/wp-json\/wp\/v2\/users\/1"}],"replies":[{"embeddable":true,"href":"https:\/\/quimicelgalicia.com\/en\/wp-json\/wp\/v2\/comments?post=740"}],"version-history":[{"count":8,"href":"https:\/\/quimicelgalicia.com\/en\/wp-json\/wp\/v2\/pages\/740\/revisions"}],"predecessor-version":[{"id":749,"href":"https:\/\/quimicelgalicia.com\/en\/wp-json\/wp\/v2\/pages\/740\/revisions\/749"}],"wp:attachment":[{"href":"https:\/\/quimicelgalicia.com\/en\/wp-json\/wp\/v2\/media?parent=740"}],"curies":[{"name":"wp","href":"https:\/\/api.w.org\/{rel}","templated":true}]}}