{"id":683,"date":"2023-07-18T07:17:44","date_gmt":"2023-07-18T07:17:44","guid":{"rendered":"https:\/\/quimicelproduccion.eligeplus.com\/?page_id=683"},"modified":"2023-12-11T09:06:07","modified_gmt":"2023-12-11T09:06:07","slug":"hosteleria","status":"publish","type":"page","link":"https:\/\/quimicelgalicia.com\/en\/hosteleria","title":{"rendered":"Hosteler\u00eda"},"content":{"rendered":"<div data-elementor-type=\"wp-page\" data-elementor-id=\"683\" class=\"elementor elementor-683\">\n\t\t\t\t\t\t\t\t\t<section class=\"elementor-section elementor-top-section elementor-element elementor-element-24a8267 elementor-section-boxed elementor-section-height-default elementor-section-height-default\" data-id=\"24a8267\" data-element_type=\"section\">\n\t\t\t\t\t\t<div class=\"elementor-container elementor-column-gap-default\">\n\t\t\t\t\t<div class=\"elementor-column elementor-col-100 elementor-top-column elementor-element elementor-element-4d0db01\" data-id=\"4d0db01\" data-element_type=\"column\">\n\t\t\t<div class=\"elementor-widget-wrap elementor-element-populated\">\n\t\t\t\t\t\t\t\t<div class=\"elementor-element elementor-element-656f562 elementor-widget elementor-widget-heading\" data-id=\"656f562\" data-element_type=\"widget\" data-widget_type=\"heading.default\">\n\t\t\t\t<div class=\"elementor-widget-container\">\n\t\t\t<style>\/*! elementor - v3.16.0 - 17-10-2023 *\/\n.elementor-heading-title{padding:0;margin:0;line-height:1}.elementor-widget-heading .elementor-heading-title[class*=elementor-size-]>a{color:inherit;font-size:inherit;line-height:inherit}.elementor-widget-heading .elementor-heading-title.elementor-size-small{font-size:15px}.elementor-widget-heading .elementor-heading-title.elementor-size-medium{font-size:19px}.elementor-widget-heading .elementor-heading-title.elementor-size-large{font-size:29px}.elementor-widget-heading .elementor-heading-title.elementor-size-xl{font-size:39px}.elementor-widget-heading .elementor-heading-title.elementor-size-xxl{font-size:59px}<\/style><h2 class=\"elementor-heading-title elementor-size-default\">Hosteler\u00eda<\/h2>\t\t<\/div>\n\t\t\t\t<\/div>\n\t\t\t\t\t<\/div>\n\t\t<\/div>\n\t\t\t\t\t\t\t<\/div>\n\t\t<\/section>\n\t\t\t\t<section class=\"elementor-section elementor-top-section elementor-element elementor-element-95b652c elementor-section-boxed elementor-section-height-default elementor-section-height-default\" data-id=\"95b652c\" data-element_type=\"section\">\n\t\t\t\t\t\t<div class=\"elementor-container elementor-column-gap-default\">\n\t\t\t\t\t<div class=\"elementor-column elementor-col-100 elementor-top-column elementor-element elementor-element-83d400f\" data-id=\"83d400f\" data-element_type=\"column\" data-settings=\"{&quot;background_background&quot;:&quot;classic&quot;}\">\n\t\t\t<div class=\"elementor-widget-wrap elementor-element-populated\">\n\t\t\t\t\t<div class=\"elementor-background-overlay\"><\/div>\n\t\t\t\t\t\t\t\t<div class=\"elementor-element elementor-element-932c3a8 elementor-widget elementor-widget-text-editor\" data-id=\"932c3a8\" data-element_type=\"widget\" data-widget_type=\"text-editor.default\">\n\t\t\t\t<div class=\"elementor-widget-container\">\n\t\t\t<style>\/*! elementor - v3.16.0 - 17-10-2023 *\/\n.elementor-widget-text-editor.elementor-drop-cap-view-stacked .elementor-drop-cap{background-color:#69727d;color:#fff}.elementor-widget-text-editor.elementor-drop-cap-view-framed .elementor-drop-cap{color:#69727d;border:3px solid;background-color:transparent}.elementor-widget-text-editor:not(.elementor-drop-cap-view-default) .elementor-drop-cap{margin-top:8px}.elementor-widget-text-editor:not(.elementor-drop-cap-view-default) .elementor-drop-cap-letter{width:1em;height:1em}.elementor-widget-text-editor .elementor-drop-cap{float:left;text-align:center;line-height:1;font-size:50px}.elementor-widget-text-editor .elementor-drop-cap-letter{display:inline-block}<\/style>\t\t\t\t<h3><strong>Delivery<\/strong><\/h3>\t\t\t\t\t\t<\/div>\n\t\t\t\t<\/div>\n\t\t\t\t\t<\/div>\n\t\t<\/div>\n\t\t\t\t\t\t\t<\/div>\n\t\t<\/section>\n\t\t\t\t<section class=\"elementor-section elementor-top-section elementor-element elementor-element-24bed6f elementor-section-boxed elementor-section-height-default elementor-section-height-default\" data-id=\"24bed6f\" data-element_type=\"section\">\n\t\t\t\t\t\t<div class=\"elementor-container elementor-column-gap-default\">\n\t\t\t\t\t<div class=\"elementor-column elementor-col-33 elementor-top-column elementor-element elementor-element-d85cf40\" data-id=\"d85cf40\" data-element_type=\"column\">\n\t\t\t<div class=\"elementor-widget-wrap elementor-element-populated\">\n\t\t\t\t\t\t\t\t<div class=\"elementor-element elementor-element-20d35c0 elementor-widget elementor-widget-image\" data-id=\"20d35c0\" data-element_type=\"widget\" data-widget_type=\"image.default\">\n\t\t\t\t<div class=\"elementor-widget-container\">\n\t\t\t<style>\/*! elementor - v3.16.0 - 17-10-2023 *\/\n.elementor-widget-image{text-align:center}.elementor-widget-image a{display:inline-block}.elementor-widget-image a img[src$=\".svg\"]{width:48px}.elementor-widget-image img{vertical-align:middle;display:inline-block}<\/style>\t\t\t\t\t\t\t\t\t\t\t\t<img loading=\"lazy\" decoding=\"async\" width=\"150\" height=\"150\" src=\"https:\/\/quimicelgalicia.com\/wp-content\/uploads\/2023\/12\/delivery-150x150.png\" class=\"attachment-thumbnail size-thumbnail wp-image-957\" alt=\"\" \/>\t\t\t\t\t\t\t\t\t\t\t\t\t\t\t<\/div>\n\t\t\t\t<\/div>\n\t\t\t\t<div class=\"elementor-element elementor-element-467d642 elementor-widget elementor-widget-heading\" data-id=\"467d642\" data-element_type=\"widget\" data-widget_type=\"heading.default\">\n\t\t\t\t<div class=\"elementor-widget-container\">\n\t\t\t<p class=\"elementor-heading-title elementor-size-default\">Cajas de cart\u00f3n<\/p>\t\t<\/div>\n\t\t\t\t<\/div>\n\t\t\t\t\t<\/div>\n\t\t<\/div>\n\t\t\t\t<div class=\"elementor-column elementor-col-33 elementor-top-column elementor-element elementor-element-6d078a2\" data-id=\"6d078a2\" data-element_type=\"column\">\n\t\t\t<div class=\"elementor-widget-wrap elementor-element-populated\">\n\t\t\t\t\t\t\t\t<div class=\"elementor-element elementor-element-803a536 elementor-widget elementor-widget-image\" data-id=\"803a536\" data-element_type=\"widget\" data-widget_type=\"image.default\">\n\t\t\t\t<div class=\"elementor-widget-container\">\n\t\t\t\t\t\t\t\t\t\t\t\t\t\t\t<img loading=\"lazy\" decoding=\"async\" width=\"150\" height=\"150\" src=\"https:\/\/quimicelgalicia.com\/wp-content\/uploads\/2023\/12\/delivery-3-150x150.png\" class=\"attachment-thumbnail size-thumbnail wp-image-1003\" alt=\"\" srcset=\"https:\/\/quimicelgalicia.com\/wp-content\/uploads\/2023\/12\/delivery-3-150x150.png 150w, https:\/\/quimicelgalicia.com\/wp-content\/uploads\/2023\/12\/delivery-3-300x300.png 300w, https:\/\/quimicelgalicia.com\/wp-content\/uploads\/2023\/12\/delivery-3-12x12.png 12w, https:\/\/quimicelgalicia.com\/wp-content\/uploads\/2023\/12\/delivery-3.png 600w\" sizes=\"auto, (max-width: 150px) 100vw, 150px\" \/>\t\t\t\t\t\t\t\t\t\t\t\t\t\t\t<\/div>\n\t\t\t\t<\/div>\n\t\t\t\t<div class=\"elementor-element elementor-element-fbf11a9 elementor-widget elementor-widget-heading\" data-id=\"fbf11a9\" data-element_type=\"widget\" data-widget_type=\"heading.default\">\n\t\t\t\t<div class=\"elementor-widget-container\">\n\t\t\t<p class=\"elementor-heading-title elementor-size-default\">Bolsa transporte<\/p>\t\t<\/div>\n\t\t\t\t<\/div>\n\t\t\t\t\t<\/div>\n\t\t<\/div>\n\t\t\t\t<div class=\"elementor-column elementor-col-33 elementor-top-column elementor-element elementor-element-a2f45c7\" data-id=\"a2f45c7\" data-element_type=\"column\">\n\t\t\t<div class=\"elementor-widget-wrap elementor-element-populated\">\n\t\t\t\t\t\t\t\t<div class=\"elementor-element elementor-element-c02b696 elementor-widget elementor-widget-image\" data-id=\"c02b696\" data-element_type=\"widget\" data-widget_type=\"image.default\">\n\t\t\t\t<div class=\"elementor-widget-container\">\n\t\t\t\t\t\t\t\t\t\t\t\t\t\t\t<img loading=\"lazy\" decoding=\"async\" width=\"90\" height=\"90\" src=\"https:\/\/quimicelgalicia.com\/wp-content\/uploads\/2023\/12\/delivery-2.png\" class=\"attachment-thumbnail size-thumbnail wp-image-955\" alt=\"\" srcset=\"https:\/\/quimicelgalicia.com\/wp-content\/uploads\/2023\/12\/delivery-2.png 90w, https:\/\/quimicelgalicia.com\/wp-content\/uploads\/2023\/12\/delivery-2-12x12.png 12w\" sizes=\"auto, (max-width: 90px) 100vw, 90px\" \/>\t\t\t\t\t\t\t\t\t\t\t\t\t\t\t<\/div>\n\t\t\t\t<\/div>\n\t\t\t\t<div class=\"elementor-element elementor-element-5d4d6a8 elementor-widget elementor-widget-heading\" data-id=\"5d4d6a8\" data-element_type=\"widget\" data-widget_type=\"heading.default\">\n\t\t\t\t<div class=\"elementor-widget-container\">\n\t\t\t<p class=\"elementor-heading-title elementor-size-default\">Vasos de cart\u00f3n<\/p>\t\t<\/div>\n\t\t\t\t<\/div>\n\t\t\t\t\t<\/div>\n\t\t<\/div>\n\t\t\t\t\t\t\t<\/div>\n\t\t<\/section>\n\t\t\t\t<section class=\"elementor-section elementor-top-section elementor-element elementor-element-ddb9057 elementor-section-boxed elementor-section-height-default elementor-section-height-default\" data-id=\"ddb9057\" data-element_type=\"section\">\n\t\t\t\t\t\t<div class=\"elementor-container elementor-column-gap-default\">\n\t\t\t\t\t<div class=\"elementor-column elementor-col-100 elementor-top-column elementor-element elementor-element-e0ef3fa\" data-id=\"e0ef3fa\" data-element_type=\"column\" data-settings=\"{&quot;background_background&quot;:&quot;classic&quot;}\">\n\t\t\t<div class=\"elementor-widget-wrap elementor-element-populated\">\n\t\t\t\t\t<div class=\"elementor-background-overlay\"><\/div>\n\t\t\t\t\t\t\t\t<div class=\"elementor-element elementor-element-3e6c88c elementor-widget elementor-widget-text-editor\" data-id=\"3e6c88c\" data-element_type=\"widget\" data-widget_type=\"text-editor.default\">\n\t\t\t\t<div class=\"elementor-widget-container\">\n\t\t\t\t\t\t\t<h3><strong>Productos de un solo uso<br \/><\/strong><\/h3>\t\t\t\t\t\t<\/div>\n\t\t\t\t<\/div>\n\t\t\t\t\t<\/div>\n\t\t<\/div>\n\t\t\t\t\t\t\t<\/div>\n\t\t<\/section>\n\t\t\t\t<section class=\"elementor-section elementor-top-section elementor-element elementor-element-af02342 elementor-section-boxed elementor-section-height-default elementor-section-height-default\" data-id=\"af02342\" data-element_type=\"section\">\n\t\t\t\t\t\t<div class=\"elementor-container elementor-column-gap-default\">\n\t\t\t\t\t<div class=\"elementor-column elementor-col-33 elementor-top-column elementor-element elementor-element-f3190ce\" data-id=\"f3190ce\" data-element_type=\"column\">\n\t\t\t<div class=\"elementor-widget-wrap elementor-element-populated\">\n\t\t\t\t\t\t\t\t<div class=\"elementor-element elementor-element-1945e85 elementor-widget elementor-widget-image\" data-id=\"1945e85\" data-element_type=\"widget\" data-widget_type=\"image.default\">\n\t\t\t\t<div class=\"elementor-widget-container\">\n\t\t\t\t\t\t\t\t\t\t\t\t\t\t\t<img loading=\"lazy\" decoding=\"async\" width=\"150\" height=\"150\" src=\"https:\/\/quimicelgalicia.com\/wp-content\/uploads\/2023\/12\/SERVILLETAS-DE-MESA-150x150.png\" class=\"attachment-thumbnail size-thumbnail wp-image-962\" alt=\"\" srcset=\"https:\/\/quimicelgalicia.com\/wp-content\/uploads\/2023\/12\/SERVILLETAS-DE-MESA-150x150.png 150w, https:\/\/quimicelgalicia.com\/wp-content\/uploads\/2023\/12\/SERVILLETAS-DE-MESA-300x300.png 300w, https:\/\/quimicelgalicia.com\/wp-content\/uploads\/2023\/12\/SERVILLETAS-DE-MESA-12x12.png 12w, https:\/\/quimicelgalicia.com\/wp-content\/uploads\/2023\/12\/SERVILLETAS-DE-MESA.png 600w\" sizes=\"auto, (max-width: 150px) 100vw, 150px\" \/>\t\t\t\t\t\t\t\t\t\t\t\t\t\t\t<\/div>\n\t\t\t\t<\/div>\n\t\t\t\t<div class=\"elementor-element elementor-element-b6ea821 elementor-widget elementor-widget-heading\" data-id=\"b6ea821\" data-element_type=\"widget\" data-widget_type=\"heading.default\">\n\t\t\t\t<div class=\"elementor-widget-container\">\n\t\t\t<p class=\"elementor-heading-title elementor-size-default\">Servilletas de mesa<\/p>\t\t<\/div>\n\t\t\t\t<\/div>\n\t\t\t\t\t<\/div>\n\t\t<\/div>\n\t\t\t\t<div class=\"elementor-column elementor-col-33 elementor-top-column elementor-element elementor-element-05490cc\" data-id=\"05490cc\" data-element_type=\"column\">\n\t\t\t<div class=\"elementor-widget-wrap elementor-element-populated\">\n\t\t\t\t\t\t\t\t<div class=\"elementor-element elementor-element-99fce30 elementor-widget elementor-widget-image\" data-id=\"99fce30\" data-element_type=\"widget\" data-widget_type=\"image.default\">\n\t\t\t\t<div class=\"elementor-widget-container\">\n\t\t\t\t\t\t\t\t\t\t\t\t\t\t\t<img loading=\"lazy\" decoding=\"async\" width=\"150\" height=\"150\" src=\"https:\/\/quimicelgalicia.com\/wp-content\/uploads\/2023\/12\/PRODUCTOS-DE-UN-SOLO-USO-150x150.png\" class=\"attachment-thumbnail size-thumbnail wp-image-960\" alt=\"\" srcset=\"https:\/\/quimicelgalicia.com\/wp-content\/uploads\/2023\/12\/PRODUCTOS-DE-UN-SOLO-USO-150x150.png 150w, https:\/\/quimicelgalicia.com\/wp-content\/uploads\/2023\/12\/PRODUCTOS-DE-UN-SOLO-USO-300x300.png 300w, https:\/\/quimicelgalicia.com\/wp-content\/uploads\/2023\/12\/PRODUCTOS-DE-UN-SOLO-USO-12x12.png 12w, https:\/\/quimicelgalicia.com\/wp-content\/uploads\/2023\/12\/PRODUCTOS-DE-UN-SOLO-USO.png 600w\" sizes=\"auto, (max-width: 150px) 100vw, 150px\" \/>\t\t\t\t\t\t\t\t\t\t\t\t\t\t\t<\/div>\n\t\t\t\t<\/div>\n\t\t\t\t<div class=\"elementor-element elementor-element-39f7c32 elementor-widget elementor-widget-heading\" data-id=\"39f7c32\" data-element_type=\"widget\" data-widget_type=\"heading.default\">\n\t\t\t\t<div class=\"elementor-widget-container\">\n\t\t\t<p class=\"elementor-heading-title elementor-size-default\">Bolsitas conservadoras<\/p>\t\t<\/div>\n\t\t\t\t<\/div>\n\t\t\t\t\t<\/div>\n\t\t<\/div>\n\t\t\t\t<div class=\"elementor-column elementor-col-33 elementor-top-column elementor-element elementor-element-a04f930\" data-id=\"a04f930\" data-element_type=\"column\">\n\t\t\t<div class=\"elementor-widget-wrap elementor-element-populated\">\n\t\t\t\t\t\t\t\t<div class=\"elementor-element elementor-element-f0b881c elementor-widget elementor-widget-image\" data-id=\"f0b881c\" data-element_type=\"widget\" data-widget_type=\"image.default\">\n\t\t\t\t<div class=\"elementor-widget-container\">\n\t\t\t\t\t\t\t\t\t\t\t\t\t\t\t<img loading=\"lazy\" decoding=\"async\" width=\"150\" height=\"150\" src=\"https:\/\/quimicelgalicia.com\/wp-content\/uploads\/2023\/12\/MANTELES-EN-ROLLO-Y-CORTADOS-150x150.png\" class=\"attachment-thumbnail size-thumbnail wp-image-959\" alt=\"\" srcset=\"https:\/\/quimicelgalicia.com\/wp-content\/uploads\/2023\/12\/MANTELES-EN-ROLLO-Y-CORTADOS-150x150.png 150w, https:\/\/quimicelgalicia.com\/wp-content\/uploads\/2023\/12\/MANTELES-EN-ROLLO-Y-CORTADOS-300x300.png 300w, https:\/\/quimicelgalicia.com\/wp-content\/uploads\/2023\/12\/MANTELES-EN-ROLLO-Y-CORTADOS-12x12.png 12w, https:\/\/quimicelgalicia.com\/wp-content\/uploads\/2023\/12\/MANTELES-EN-ROLLO-Y-CORTADOS.png 600w\" sizes=\"auto, (max-width: 150px) 100vw, 150px\" \/>\t\t\t\t\t\t\t\t\t\t\t\t\t\t\t<\/div>\n\t\t\t\t<\/div>\n\t\t\t\t<div class=\"elementor-element elementor-element-d1fb7e9 elementor-widget elementor-widget-heading\" data-id=\"d1fb7e9\" data-element_type=\"widget\" data-widget_type=\"heading.default\">\n\t\t\t\t<div class=\"elementor-widget-container\">\n\t\t\t<p class=\"elementor-heading-title elementor-size-default\">Manteles y rollos<\/p>\t\t<\/div>\n\t\t\t\t<\/div>\n\t\t\t\t\t<\/div>\n\t\t<\/div>\n\t\t\t\t\t\t\t<\/div>\n\t\t<\/section>\n\t\t\t\t<section class=\"elementor-section elementor-top-section elementor-element elementor-element-2ec4fe8 elementor-section-boxed elementor-section-height-default elementor-section-height-default\" data-id=\"2ec4fe8\" data-element_type=\"section\">\n\t\t\t\t\t\t<div class=\"elementor-container elementor-column-gap-default\">\n\t\t\t\t\t<div class=\"elementor-column elementor-col-100 elementor-top-column elementor-element elementor-element-7cef5c9\" data-id=\"7cef5c9\" data-element_type=\"column\" data-settings=\"{&quot;background_background&quot;:&quot;classic&quot;}\">\n\t\t\t<div class=\"elementor-widget-wrap elementor-element-populated\">\n\t\t\t\t\t<div class=\"elementor-background-overlay\"><\/div>\n\t\t\t\t\t\t\t\t<div class=\"elementor-element elementor-element-d213fa6 elementor-widget elementor-widget-text-editor\" data-id=\"d213fa6\" data-element_type=\"widget\" data-widget_type=\"text-editor.default\">\n\t\t\t\t<div class=\"elementor-widget-container\">\n\t\t\t\t\t\t\t<h3><strong>Accesorios de mesa<br \/><\/strong><\/h3>\t\t\t\t\t\t<\/div>\n\t\t\t\t<\/div>\n\t\t\t\t\t<\/div>\n\t\t<\/div>\n\t\t\t\t\t\t\t<\/div>\n\t\t<\/section>\n\t\t\t\t<section class=\"elementor-section elementor-top-section elementor-element elementor-element-30afea7 elementor-section-boxed elementor-section-height-default elementor-section-height-default\" data-id=\"30afea7\" data-element_type=\"section\">\n\t\t\t\t\t\t<div class=\"elementor-container elementor-column-gap-default\">\n\t\t\t\t\t<div class=\"elementor-column elementor-col-25 elementor-top-column elementor-element elementor-element-23db9b2\" data-id=\"23db9b2\" data-element_type=\"column\">\n\t\t\t<div class=\"elementor-widget-wrap elementor-element-populated\">\n\t\t\t\t\t\t\t\t<div class=\"elementor-element elementor-element-9d78d4d elementor-widget elementor-widget-image\" data-id=\"9d78d4d\" data-element_type=\"widget\" data-widget_type=\"image.default\">\n\t\t\t\t<div class=\"elementor-widget-container\">\n\t\t\t\t\t\t\t\t\t\t\t\t\t\t\t<img loading=\"lazy\" decoding=\"async\" width=\"150\" height=\"150\" src=\"https:\/\/quimicelgalicia.com\/wp-content\/uploads\/2023\/12\/ROTULACION-150x150.png\" class=\"attachment-thumbnail size-thumbnail wp-image-961\" alt=\"\" srcset=\"https:\/\/quimicelgalicia.com\/wp-content\/uploads\/2023\/12\/ROTULACION-150x150.png 150w, https:\/\/quimicelgalicia.com\/wp-content\/uploads\/2023\/12\/ROTULACION-300x300.png 300w, https:\/\/quimicelgalicia.com\/wp-content\/uploads\/2023\/12\/ROTULACION-12x12.png 12w, https:\/\/quimicelgalicia.com\/wp-content\/uploads\/2023\/12\/ROTULACION.png 600w\" sizes=\"auto, (max-width: 150px) 100vw, 150px\" \/>\t\t\t\t\t\t\t\t\t\t\t\t\t\t\t<\/div>\n\t\t\t\t<\/div>\n\t\t\t\t<div class=\"elementor-element elementor-element-270ebd5 elementor-widget elementor-widget-heading\" data-id=\"270ebd5\" data-element_type=\"widget\" data-widget_type=\"heading.default\">\n\t\t\t\t<div class=\"elementor-widget-container\">\n\t\t\t<p class=\"elementor-heading-title elementor-size-default\">Rotulaci\u00f3n<\/p>\t\t<\/div>\n\t\t\t\t<\/div>\n\t\t\t\t\t<\/div>\n\t\t<\/div>\n\t\t\t\t<div class=\"elementor-column elementor-col-25 elementor-top-column elementor-element elementor-element-c3e34dd\" data-id=\"c3e34dd\" data-element_type=\"column\">\n\t\t\t<div class=\"elementor-widget-wrap elementor-element-populated\">\n\t\t\t\t\t\t\t\t<div class=\"elementor-element elementor-element-18673a4 elementor-widget elementor-widget-image\" data-id=\"18673a4\" data-element_type=\"widget\" data-widget_type=\"image.default\">\n\t\t\t\t<div class=\"elementor-widget-container\">\n\t\t\t\t\t\t\t\t\t\t\t\t\t\t\t<img loading=\"lazy\" decoding=\"async\" width=\"150\" height=\"150\" src=\"https:\/\/quimicelgalicia.com\/wp-content\/uploads\/2023\/12\/BAR-Y-BUFFET-MAS-150x150.png\" class=\"attachment-thumbnail size-thumbnail wp-image-953\" alt=\"\" srcset=\"https:\/\/quimicelgalicia.com\/wp-content\/uploads\/2023\/12\/BAR-Y-BUFFET-MAS-150x150.png 150w, https:\/\/quimicelgalicia.com\/wp-content\/uploads\/2023\/12\/BAR-Y-BUFFET-MAS-300x300.png 300w, https:\/\/quimicelgalicia.com\/wp-content\/uploads\/2023\/12\/BAR-Y-BUFFET-MAS-12x12.png 12w, https:\/\/quimicelgalicia.com\/wp-content\/uploads\/2023\/12\/BAR-Y-BUFFET-MAS.png 600w\" sizes=\"auto, (max-width: 150px) 100vw, 150px\" \/>\t\t\t\t\t\t\t\t\t\t\t\t\t\t\t<\/div>\n\t\t\t\t<\/div>\n\t\t\t\t<div class=\"elementor-element elementor-element-9bfdf29 elementor-widget elementor-widget-heading\" data-id=\"9bfdf29\" data-element_type=\"widget\" data-widget_type=\"heading.default\">\n\t\t\t\t<div class=\"elementor-widget-container\">\n\t\t\t<p class=\"elementor-heading-title elementor-size-default\">Cubos enfriadores<\/p>\t\t<\/div>\n\t\t\t\t<\/div>\n\t\t\t\t\t<\/div>\n\t\t<\/div>\n\t\t\t\t<div class=\"elementor-column elementor-col-25 elementor-top-column elementor-element elementor-element-4cc8ae2\" data-id=\"4cc8ae2\" data-element_type=\"column\">\n\t\t\t<div class=\"elementor-widget-wrap elementor-element-populated\">\n\t\t\t\t\t\t\t\t<div class=\"elementor-element elementor-element-5f11034 elementor-widget elementor-widget-image\" data-id=\"5f11034\" data-element_type=\"widget\" data-widget_type=\"image.default\">\n\t\t\t\t<div class=\"elementor-widget-container\">\n\t\t\t\t\t\t\t\t\t\t\t\t\t\t\t<img loading=\"lazy\" decoding=\"async\" width=\"150\" height=\"150\" src=\"https:\/\/quimicelgalicia.com\/wp-content\/uploads\/2023\/12\/BAR-Y-BUFFET-150x150.png\" class=\"attachment-thumbnail size-thumbnail wp-image-954\" alt=\"\" srcset=\"https:\/\/quimicelgalicia.com\/wp-content\/uploads\/2023\/12\/BAR-Y-BUFFET-150x150.png 150w, https:\/\/quimicelgalicia.com\/wp-content\/uploads\/2023\/12\/BAR-Y-BUFFET-300x300.png 300w, https:\/\/quimicelgalicia.com\/wp-content\/uploads\/2023\/12\/BAR-Y-BUFFET-12x12.png 12w, https:\/\/quimicelgalicia.com\/wp-content\/uploads\/2023\/12\/BAR-Y-BUFFET.png 600w\" sizes=\"auto, (max-width: 150px) 100vw, 150px\" \/>\t\t\t\t\t\t\t\t\t\t\t\t\t\t\t<\/div>\n\t\t\t\t<\/div>\n\t\t\t\t<div class=\"elementor-element elementor-element-3cdf3ab elementor-widget elementor-widget-heading\" data-id=\"3cdf3ab\" data-element_type=\"widget\" data-widget_type=\"heading.default\">\n\t\t\t\t<div class=\"elementor-widget-container\">\n\t\t\t<p class=\"elementor-heading-title elementor-size-default\">Bandejas Buffet<\/p>\t\t<\/div>\n\t\t\t\t<\/div>\n\t\t\t\t\t<\/div>\n\t\t<\/div>\n\t\t\t\t<div class=\"elementor-column elementor-col-25 elementor-top-column elementor-element elementor-element-924e729\" data-id=\"924e729\" data-element_type=\"column\">\n\t\t\t<div class=\"elementor-widget-wrap elementor-element-populated\">\n\t\t\t\t\t\t\t\t<div class=\"elementor-element elementor-element-2fe45eb elementor-widget elementor-widget-image\" data-id=\"2fe45eb\" data-element_type=\"widget\" data-widget_type=\"image.default\">\n\t\t\t\t<div class=\"elementor-widget-container\">\n\t\t\t\t\t\t\t\t\t\t\t\t\t\t\t<img loading=\"lazy\" decoding=\"async\" width=\"150\" height=\"150\" src=\"https:\/\/quimicelgalicia.com\/wp-content\/uploads\/2023\/12\/la-mesa-y-sus-accesorios-1-150x150.png\" class=\"attachment-thumbnail size-thumbnail wp-image-958\" alt=\"\" srcset=\"https:\/\/quimicelgalicia.com\/wp-content\/uploads\/2023\/12\/la-mesa-y-sus-accesorios-1-150x150.png 150w, https:\/\/quimicelgalicia.com\/wp-content\/uploads\/2023\/12\/la-mesa-y-sus-accesorios-1-300x300.png 300w, https:\/\/quimicelgalicia.com\/wp-content\/uploads\/2023\/12\/la-mesa-y-sus-accesorios-1-12x12.png 12w, https:\/\/quimicelgalicia.com\/wp-content\/uploads\/2023\/12\/la-mesa-y-sus-accesorios-1.png 600w\" sizes=\"auto, (max-width: 150px) 100vw, 150px\" \/>\t\t\t\t\t\t\t\t\t\t\t\t\t\t\t<\/div>\n\t\t\t\t<\/div>\n\t\t\t\t<div class=\"elementor-element elementor-element-744fc87 elementor-widget elementor-widget-heading\" data-id=\"744fc87\" data-element_type=\"widget\" data-widget_type=\"heading.default\">\n\t\t\t\t<div class=\"elementor-widget-container\">\n\t\t\t<p class=\"elementor-heading-title elementor-size-default\">Accesorios de mesa<\/p>\t\t<\/div>\n\t\t\t\t<\/div>\n\t\t\t\t\t<\/div>\n\t\t<\/div>\n\t\t\t\t\t\t\t<\/div>\n\t\t<\/section>\n\t\t\t\t\t\t\t<\/div>","protected":false},"excerpt":{"rendered":"<p>Hosteler\u00eda Delivery Cajas de cart\u00f3n Bolsa transporte Vasos de cart\u00f3n Productos de un solo uso Servilletas de mesa Bolsitas conservadoras Manteles y rollos Accesorios de mesa Rotulaci\u00f3n Cubos enfriadores Bandejas Buffet Accesorios de mesa<\/p>","protected":false},"author":1,"featured_media":0,"parent":0,"menu_order":0,"comment_status":"closed","ping_status":"closed","template":"","meta":{"site-sidebar-layout":"no-sidebar","site-content-layout":"page-builder","ast-global-header-display":"","ast-banner-title-visibility":"","ast-main-header-display":"","ast-hfb-above-header-display":"","ast-hfb-below-header-display":"","ast-hfb-mobile-header-display":"","site-post-title":"disabled","ast-breadcrumbs-content":"","ast-featured-img":"disabled","footer-sml-layout":"","theme-transparent-header-meta":"","adv-header-id-meta":"","stick-header-meta":"","header-above-stick-meta":"","header-main-stick-meta":"","header-below-stick-meta":"","footnotes":""},"class_list":["post-683","page","type-page","status-publish","hentry"],"_links":{"self":[{"href":"https:\/\/quimicelgalicia.com\/en\/wp-json\/wp\/v2\/pages\/683","targetHints":{"allow":["GET"]}}],"collection":[{"href":"https:\/\/quimicelgalicia.com\/en\/wp-json\/wp\/v2\/pages"}],"about":[{"href":"https:\/\/quimicelgalicia.com\/en\/wp-json\/wp\/v2\/types\/page"}],"author":[{"embeddable":true,"href":"https:\/\/quimicelgalicia.com\/en\/wp-json\/wp\/v2\/users\/1"}],"replies":[{"embeddable":true,"href":"https:\/\/quimicelgalicia.com\/en\/wp-json\/wp\/v2\/comments?post=683"}],"version-history":[{"count":15,"href":"https:\/\/quimicelgalicia.com\/en\/wp-json\/wp\/v2\/pages\/683\/revisions"}],"predecessor-version":[{"id":1009,"href":"https:\/\/quimicelgalicia.com\/en\/wp-json\/wp\/v2\/pages\/683\/revisions\/1009"}],"wp:attachment":[{"href":"https:\/\/quimicelgalicia.com\/en\/wp-json\/wp\/v2\/media?parent=683"}],"curies":[{"name":"wp","href":"https:\/\/api.w.org\/{rel}","templated":true}]}}